{"id":125,"date":"2013-06-27T16:05:10","date_gmt":"2013-06-27T14:05:10","guid":{"rendered":"http:\/\/www.danaelle-voyance.com\/?page_id=125"},"modified":"2018-01-24T01:09:40","modified_gmt":"2018-01-24T00:09:40","slug":"voyance-en-direct","status":"publish","type":"page","link":"https:\/\/www.danaelle-voyance.com\/voyance-par-telephone\/voyance-en-direct\/","title":{"rendered":"Voyance en direct &#8211; r\u00e9ponse imm\u00e9diate"},"content":{"rendered":"<h2><a title=\"Voyance imm\u00e9diate\" href=\"https:\/\/www.danaelle-voyance.com\/voyance-immediate\">Voyance imm\u00e9diate<\/a><\/h2>\n<p><img loading=\"lazy\" decoding=\"async\" class=\"alignright wp-image-267 size-medium\" title=\"Voyance directe - R\u00e9ponse imm\u00e9diate\" src=\"https:\/\/www.danaelle-voyance.com\/wp-content\/uploads\/2013\/07\/Voyance-en-direct1-300x203.jpg\" alt=\"R\u00e9ponse imm\u00e9diate\" width=\"300\" height=\"203\" srcset=\"https:\/\/www.danaelle-voyance.com\/wp-content\/uploads\/2013\/07\/Voyance-en-direct1-300x203.jpg 300w, https:\/\/www.danaelle-voyance.com\/wp-content\/uploads\/2013\/07\/Voyance-en-direct1.jpg 421w\" sizes=\"auto, (max-width: 300px) 100vw, 300px\" \/>Que vous soyez impatient d&rsquo;avoir des nouvelles de l&rsquo;\u00eatre aim\u00e9 ou tout simplement en souci financier par rapport \u00e0 votre situation professionnel, vous avez besoin d&rsquo;une <strong>r\u00e9ponse imm\u00e9diate<\/strong> !<\/p>\n<p>Pour cela, pas de souci, les voyants du R\u00e9seau Danaelle Voyance sont disponibles en direct au <a href=\"tel:0892680681\"><strong>0892.680.681<\/strong><\/a>\u00a0<small>(0,60 \u20ac \/min)<\/small> !\u00a0En effet le r\u00e9seau Danaelle Voyance propose un service audiotel. Ce service ne n\u00e9cessite aucune inscription.<\/p>\n<p>Vous avez une question. Alors prenez votre t\u00e9l\u00e9phone, composez le num\u00e9ro <a href=\"tel:0892680681\"><strong>0892.680.681<\/strong><\/a> <small>(0,60\u20ac\/min)<\/small>. Vous rentrez directement en contact avec un(e) voyant(e) s\u00e9lectionn\u00e9(e) par le r\u00e9seau Danaelle Voyance.<\/p>\n<h2><a title=\"Voyance sans attente\" href=\"https:\/\/www.danaelle-voyance.com\/voyance-sans-attente\">Voyance sans attente<\/a><\/h2>\n<p>Avec le r\u00e9seau Danaelle Voyance, nous nous effor\u00e7ons au maximum de r\u00e9duire les temps d&rsquo;attente. Nous faisons tout notre possible pour que notre aimable client\u00e8le puisse\u00a0acc\u00e9der rapidement et sans attente \u00e0 l&rsquo;ensemble des voyants du r\u00e9seau.<\/p>\n","protected":false},"excerpt":{"rendered":"<div class=\"mh-excerpt\"><p>Voyance imm\u00e9diate Que vous soyez impatient d&rsquo;avoir des nouvelles de l&rsquo;\u00eatre aim\u00e9 ou tout simplement en souci financier par rapport \u00e0 votre situation professionnel, vous <a class=\"mh-excerpt-more\" href=\"https:\/\/www.danaelle-voyance.com\/voyance-par-telephone\/voyance-en-direct\/\" title=\"Voyance en direct &#8211; r\u00e9ponse imm\u00e9diate\">[&#8230;]<\/a><\/p>\n<\/div>","protected":false},"author":1,"featured_media":0,"parent":0,"menu_order":0,"comment_status":"open","ping_status":"open","template":"voyance-direct.php","meta":{"footnotes":""},"class_list":["post-125","page","type-page","status-publish","hentry"],"yoast_head":"<!-- This site is optimized with the Yoast SEO plugin v24.9 - https:\/\/yoast.com\/wordpress\/plugins\/seo\/ -->\n<title>Voyance en direct - r\u00e9ponse imm\u00e9diate \u2022 Danaelle - Voyance<\/title>\n<meta name=\"description\" content=\"La voyance en direct avec le R\u00e9seau Danaelle Voyance, un r\u00e9seau d&#039;expert en voyance, \u00e0 votre \u00e9coute pour une r\u00e9ponse imm\u00e9diate.\" \/>\n<meta name=\"robots\" content=\"index, follow, max-snippet:-1, max-image-preview:large, max-video-preview:-1\" \/>\n<link rel=\"canonical\" href=\"https:\/\/www.danaelle-voyance.com\/voyance-par-telephone\/voyance-en-direct\/\" \/>\n<meta property=\"og:locale\" content=\"fr_FR\" \/>\n<meta property=\"og:type\" content=\"article\" \/>\n<meta property=\"og:title\" content=\"Voyance en direct - r\u00e9ponse imm\u00e9diate \u2022 Danaelle - Voyance\" \/>\n<meta property=\"og:description\" content=\"La voyance en direct avec le R\u00e9seau Danaelle Voyance, un r\u00e9seau d&#039;expert en voyance, \u00e0 votre \u00e9coute pour une r\u00e9ponse imm\u00e9diate.\" \/>\n<meta property=\"og:url\" content=\"https:\/\/www.danaelle-voyance.com\/voyance-par-telephone\/voyance-en-direct\/\" \/>\n<meta property=\"og:site_name\" content=\"Danaelle - Voyance\" \/>\n<meta property=\"article:publisher\" content=\"https:\/\/www.facebook.com\/danaellevoyance\" \/>\n<meta property=\"article:modified_time\" content=\"2018-01-24T00:09:40+00:00\" \/>\n<meta property=\"og:image\" content=\"https:\/\/www.danaelle-voyance.com\/wp-content\/uploads\/2013\/07\/Voyance-en-direct1-300x203.jpg\" \/>\n<meta name=\"twitter:label1\" content=\"Dur\u00e9e de lecture estim\u00e9e\" \/>\n\t<meta name=\"twitter:data1\" content=\"1 minute\" \/>\n<script type=\"application\/ld+json\" class=\"yoast-schema-graph\">{\"@context\":\"https:\/\/schema.org\",\"@graph\":[{\"@type\":\"WebPage\",\"@id\":\"https:\/\/www.danaelle-voyance.com\/voyance-par-telephone\/voyance-en-direct\/\",\"url\":\"https:\/\/www.danaelle-voyance.com\/voyance-par-telephone\/voyance-en-direct\/\",\"name\":\"Voyance en direct - r\u00e9ponse imm\u00e9diate \u2022 Danaelle - Voyance\",\"isPartOf\":{\"@id\":\"https:\/\/www.danaelle-voyance.com\/voyance-par-telephone\/#website\"},\"primaryImageOfPage\":{\"@id\":\"https:\/\/www.danaelle-voyance.com\/voyance-par-telephone\/voyance-en-direct\/#primaryimage\"},\"image\":{\"@id\":\"https:\/\/www.danaelle-voyance.com\/voyance-par-telephone\/voyance-en-direct\/#primaryimage\"},\"thumbnailUrl\":\"https:\/\/www.danaelle-voyance.com\/wp-content\/uploads\/2013\/07\/Voyance-en-direct1-300x203.jpg\",\"datePublished\":\"2013-06-27T14:05:10+00:00\",\"dateModified\":\"2018-01-24T00:09:40+00:00\",\"description\":\"La voyance en direct avec le R\u00e9seau Danaelle Voyance, un r\u00e9seau d'expert en voyance, \u00e0 votre \u00e9coute pour une r\u00e9ponse imm\u00e9diate.\",\"breadcrumb\":{\"@id\":\"https:\/\/www.danaelle-voyance.com\/voyance-par-telephone\/voyance-en-direct\/#breadcrumb\"},\"inLanguage\":\"fr-FR\",\"potentialAction\":[{\"@type\":\"ReadAction\",\"target\":[\"https:\/\/www.danaelle-voyance.com\/voyance-par-telephone\/voyance-en-direct\/\"]}]},{\"@type\":\"ImageObject\",\"inLanguage\":\"fr-FR\",\"@id\":\"https:\/\/www.danaelle-voyance.com\/voyance-par-telephone\/voyance-en-direct\/#primaryimage\",\"url\":\"https:\/\/www.danaelle-voyance.com\/wp-content\/uploads\/2013\/07\/Voyance-en-direct1-300x203.jpg\",\"contentUrl\":\"https:\/\/www.danaelle-voyance.com\/wp-content\/uploads\/2013\/07\/Voyance-en-direct1-300x203.jpg\"},{\"@type\":\"BreadcrumbList\",\"@id\":\"https:\/\/www.danaelle-voyance.com\/voyance-par-telephone\/voyance-en-direct\/#breadcrumb\",\"itemListElement\":[{\"@type\":\"ListItem\",\"position\":1,\"name\":\"Home\",\"item\":\"https:\/\/www.danaelle-voyance.com\/voyance-par-telephone\/\"},{\"@type\":\"ListItem\",\"position\":2,\"name\":\"Voyance en direct &#8211; r\u00e9ponse imm\u00e9diate\"}]},{\"@type\":\"WebSite\",\"@id\":\"https:\/\/www.danaelle-voyance.com\/voyance-par-telephone\/#website\",\"url\":\"https:\/\/www.danaelle-voyance.com\/voyance-par-telephone\/\",\"name\":\"Danaelle - Voyance\",\"description\":\"Voyance par t\u00e9l\u00e9phone - Des voyants professionnels \u00e0 votre service\",\"publisher\":{\"@id\":\"https:\/\/www.danaelle-voyance.com\/voyance-par-telephone\/#organization\"},\"potentialAction\":[{\"@type\":\"SearchAction\",\"target\":{\"@type\":\"EntryPoint\",\"urlTemplate\":\"https:\/\/www.danaelle-voyance.com\/voyance-par-telephone\/?s={search_term_string}\"},\"query-input\":{\"@type\":\"PropertyValueSpecification\",\"valueRequired\":true,\"valueName\":\"search_term_string\"}}],\"inLanguage\":\"fr-FR\"},{\"@type\":\"Organization\",\"@id\":\"https:\/\/www.danaelle-voyance.com\/voyance-par-telephone\/#organization\",\"name\":\"Danaelle Voyance\",\"url\":\"https:\/\/www.danaelle-voyance.com\/voyance-par-telephone\/\",\"logo\":{\"@type\":\"ImageObject\",\"inLanguage\":\"fr-FR\",\"@id\":\"https:\/\/www.danaelle-voyance.com\/voyance-par-telephone\/#\/schema\/logo\/image\/\",\"url\":\"https:\/\/www.danaelle-voyance.com\/wp-content\/uploads\/2018\/10\/logo-danaelle-voyance-e1539618780249.png\",\"contentUrl\":\"https:\/\/www.danaelle-voyance.com\/wp-content\/uploads\/2018\/10\/logo-danaelle-voyance-e1539618780249.png\",\"width\":116,\"height\":140,\"caption\":\"Danaelle Voyance\"},\"image\":{\"@id\":\"https:\/\/www.danaelle-voyance.com\/voyance-par-telephone\/#\/schema\/logo\/image\/\"},\"sameAs\":[\"https:\/\/www.facebook.com\/danaellevoyance\"]}]}<\/script>\n<!-- \/ Yoast SEO plugin. -->","yoast_head_json":{"title":"Voyance en direct - r\u00e9ponse imm\u00e9diate \u2022 Danaelle - Voyance","description":"La voyance en direct avec le R\u00e9seau Danaelle Voyance, un r\u00e9seau d'expert en voyance, \u00e0 votre \u00e9coute pour une r\u00e9ponse imm\u00e9diate.","robots":{"index":"index","follow":"follow","max-snippet":"max-snippet:-1","max-image-preview":"max-image-preview:large","max-video-preview":"max-video-preview:-1"},"canonical":"https:\/\/www.danaelle-voyance.com\/voyance-par-telephone\/voyance-en-direct\/","og_locale":"fr_FR","og_type":"article","og_title":"Voyance en direct - r\u00e9ponse imm\u00e9diate \u2022 Danaelle - Voyance","og_description":"La voyance en direct avec le R\u00e9seau Danaelle Voyance, un r\u00e9seau d'expert en voyance, \u00e0 votre \u00e9coute pour une r\u00e9ponse imm\u00e9diate.","og_url":"https:\/\/www.danaelle-voyance.com\/voyance-par-telephone\/voyance-en-direct\/","og_site_name":"Danaelle - Voyance","article_publisher":"https:\/\/www.facebook.com\/danaellevoyance","article_modified_time":"2018-01-24T00:09:40+00:00","og_image":[{"url":"https:\/\/www.danaelle-voyance.com\/wp-content\/uploads\/2013\/07\/Voyance-en-direct1-300x203.jpg","type":"","width":"","height":""}],"twitter_misc":{"Dur\u00e9e de lecture estim\u00e9e":"1 minute"},"schema":{"@context":"https:\/\/schema.org","@graph":[{"@type":"WebPage","@id":"https:\/\/www.danaelle-voyance.com\/voyance-par-telephone\/voyance-en-direct\/","url":"https:\/\/www.danaelle-voyance.com\/voyance-par-telephone\/voyance-en-direct\/","name":"Voyance en direct - r\u00e9ponse imm\u00e9diate \u2022 Danaelle - Voyance","isPartOf":{"@id":"https:\/\/www.danaelle-voyance.com\/voyance-par-telephone\/#website"},"primaryImageOfPage":{"@id":"https:\/\/www.danaelle-voyance.com\/voyance-par-telephone\/voyance-en-direct\/#primaryimage"},"image":{"@id":"https:\/\/www.danaelle-voyance.com\/voyance-par-telephone\/voyance-en-direct\/#primaryimage"},"thumbnailUrl":"https:\/\/www.danaelle-voyance.com\/wp-content\/uploads\/2013\/07\/Voyance-en-direct1-300x203.jpg","datePublished":"2013-06-27T14:05:10+00:00","dateModified":"2018-01-24T00:09:40+00:00","description":"La voyance en direct avec le R\u00e9seau Danaelle Voyance, un r\u00e9seau d'expert en voyance, \u00e0 votre \u00e9coute pour une r\u00e9ponse imm\u00e9diate.","breadcrumb":{"@id":"https:\/\/www.danaelle-voyance.com\/voyance-par-telephone\/voyance-en-direct\/#breadcrumb"},"inLanguage":"fr-FR","potentialAction":[{"@type":"ReadAction","target":["https:\/\/www.danaelle-voyance.com\/voyance-par-telephone\/voyance-en-direct\/"]}]},{"@type":"ImageObject","inLanguage":"fr-FR","@id":"https:\/\/www.danaelle-voyance.com\/voyance-par-telephone\/voyance-en-direct\/#primaryimage","url":"https:\/\/www.danaelle-voyance.com\/wp-content\/uploads\/2013\/07\/Voyance-en-direct1-300x203.jpg","contentUrl":"https:\/\/www.danaelle-voyance.com\/wp-content\/uploads\/2013\/07\/Voyance-en-direct1-300x203.jpg"},{"@type":"BreadcrumbList","@id":"https:\/\/www.danaelle-voyance.com\/voyance-par-telephone\/voyance-en-direct\/#breadcrumb","itemListElement":[{"@type":"ListItem","position":1,"name":"Home","item":"https:\/\/www.danaelle-voyance.com\/voyance-par-telephone\/"},{"@type":"ListItem","position":2,"name":"Voyance en direct &#8211; r\u00e9ponse imm\u00e9diate"}]},{"@type":"WebSite","@id":"https:\/\/www.danaelle-voyance.com\/voyance-par-telephone\/#website","url":"https:\/\/www.danaelle-voyance.com\/voyance-par-telephone\/","name":"Danaelle - Voyance","description":"Voyance par t\u00e9l\u00e9phone - Des voyants professionnels \u00e0 votre service","publisher":{"@id":"https:\/\/www.danaelle-voyance.com\/voyance-par-telephone\/#organization"},"potentialAction":[{"@type":"SearchAction","target":{"@type":"EntryPoint","urlTemplate":"https:\/\/www.danaelle-voyance.com\/voyance-par-telephone\/?s={search_term_string}"},"query-input":{"@type":"PropertyValueSpecification","valueRequired":true,"valueName":"search_term_string"}}],"inLanguage":"fr-FR"},{"@type":"Organization","@id":"https:\/\/www.danaelle-voyance.com\/voyance-par-telephone\/#organization","name":"Danaelle Voyance","url":"https:\/\/www.danaelle-voyance.com\/voyance-par-telephone\/","logo":{"@type":"ImageObject","inLanguage":"fr-FR","@id":"https:\/\/www.danaelle-voyance.com\/voyance-par-telephone\/#\/schema\/logo\/image\/","url":"https:\/\/www.danaelle-voyance.com\/wp-content\/uploads\/2018\/10\/logo-danaelle-voyance-e1539618780249.png","contentUrl":"https:\/\/www.danaelle-voyance.com\/wp-content\/uploads\/2018\/10\/logo-danaelle-voyance-e1539618780249.png","width":116,"height":140,"caption":"Danaelle Voyance"},"image":{"@id":"https:\/\/www.danaelle-voyance.com\/voyance-par-telephone\/#\/schema\/logo\/image\/"},"sameAs":["https:\/\/www.facebook.com\/danaellevoyance"]}]}},"_links":{"self":[{"href":"https:\/\/www.danaelle-voyance.com\/voyance-par-telephone\/wp-json\/wp\/v2\/pages\/125","targetHints":{"allow":["GET"]}}],"collection":[{"href":"https:\/\/www.danaelle-voyance.com\/voyance-par-telephone\/wp-json\/wp\/v2\/pages"}],"about":[{"href":"https:\/\/www.danaelle-voyance.com\/voyance-par-telephone\/wp-json\/wp\/v2\/types\/page"}],"author":[{"embeddable":true,"href":"https:\/\/www.danaelle-voyance.com\/voyance-par-telephone\/wp-json\/wp\/v2\/users\/1"}],"replies":[{"embeddable":true,"href":"https:\/\/www.danaelle-voyance.com\/voyance-par-telephone\/wp-json\/wp\/v2\/comments?post=125"}],"version-history":[{"count":23,"href":"https:\/\/www.danaelle-voyance.com\/voyance-par-telephone\/wp-json\/wp\/v2\/pages\/125\/revisions"}],"predecessor-version":[{"id":1629,"href":"https:\/\/www.danaelle-voyance.com\/voyance-par-telephone\/wp-json\/wp\/v2\/pages\/125\/revisions\/1629"}],"wp:attachment":[{"href":"https:\/\/www.danaelle-voyance.com\/voyance-par-telephone\/wp-json\/wp\/v2\/media?parent=125"}],"curies":[{"name":"wp","href":"https:\/\/api.w.org\/{rel}","templated":true}]}}