{"id":143,"date":"2013-07-02T17:22:17","date_gmt":"2013-07-02T15:22:17","guid":{"rendered":"http:\/\/www.danaelle-voyance.com\/?page_id=143"},"modified":"2018-01-24T01:10:08","modified_gmt":"2018-01-24T00:10:08","slug":"voyance-france","status":"publish","type":"page","link":"https:\/\/www.danaelle-voyance.com\/voyance-par-telephone\/voyance-france\/","title":{"rendered":"Voyance France : Quelle est la nature de la voyance en France ?"},"content":{"rendered":"<h2>Les origines de la voyance en France<\/h2>\n<p>La clairvoyance ou\u00a0<strong>voyance<\/strong>\u00a0en <strong>France<\/strong> est une divination dont l&rsquo;existence remonte \u00e0 la naissance des premi\u00e8res civilisations. Dans la religion romaine, l&rsquo;augure \u00e9tait un pr\u00eatre charg\u00e9 de d\u00e9crypter des ph\u00e9nom\u00e8nes naturels afin d&rsquo;\u00e9tablir des pr\u00e9sage. En Europe, les astres sont vites devenus le moyen pr\u00e9f\u00e9r\u00e9 des clairvoyants pour percevoir et surtout mieux comprendre les ph\u00e9nom\u00e8nes hors de port\u00e9e des sens naturels. Chez les chr\u00e9tiens, leur mouvement est un signe d&rsquo;activit\u00e9 des anges; ceci a donn\u00e9 les signes du zodiaques.<\/p>\n<p><img loading=\"lazy\" decoding=\"async\" class=\"alignleft wp-image-51 size-thumbnail\" title=\"Voyance en France\" src=\"https:\/\/www.danaelle-voyance.com\/wp-content\/uploads\/2013\/06\/Fotolia_1811107_XS-Copie-150x150.jpg\" alt=\"Voyance en France\" width=\"150\" height=\"150\" \/>Traditionnellement, la <strong>voyance fran\u00e7aise<\/strong> est r\u00e9put\u00e9e pour \u00eatre une <strong>voyance s\u00e9rieuse<\/strong> et de qualit\u00e9. Cet art divinatoire est bien ancr\u00e9 dans certaines parties du territoire. Il peut se transmettre de g\u00e9n\u00e9ration en g\u00e9n\u00e9ration, \u00e0 l&rsquo;oral par exemple ou dans l&rsquo;enseignement des techniques de divination. Il existe aussi une autre forme de transmission que certains qualifie de g\u00e9n\u00e9alogique. C&rsquo;est notamment le cas dans toutes les formes de <strong>voyance pure<\/strong>, <strong>voyance directe<\/strong> ou <strong>voyance sans support<\/strong>.<\/p>\n<h2>Voyance ou intuition ?<\/h2>\n<p>En France, les professionnels ne remettent pas en cause leurs visions mais plut\u00f4t leurs interpr\u00e9tations. En effet, le d\u00e9cryptage d&rsquo;une vision est souvent plus dure \u00e0 r\u00e9aliser que sa perception. C&rsquo;est cette subtilit\u00e9 qui fait la diff\u00e9rence entre voyance et intuition. Nous avons tous eu \u00e0 un moment donn\u00e9 une intuition, une sorte de connaissance imm\u00e9diate que nous n&rsquo;avons pas su comprendre ni rationaliser.<\/p>\n<p>Vous \u00eates donc en mesure de comprendre que si un voyant a cette capacit\u00e9 de perception d\u00e9cupl\u00e9e, il ne pourra pas toujours y voir clair. Le sixi\u00e8me sens ou encore le troisi\u00e8me \u0153il se travail comme on travaille ses facult\u00e9s mentales ou ses muscles. Si des pr\u00e9dispositions peuvent exister et donner naissance \u00e0 des champions hors normes, il n&rsquo;en reste pas moins vrai que c&rsquo;est le travail et l&rsquo;exp\u00e9rience qui d\u00e9veloppent les facult\u00e9s et permettent au clairvoyant de se d\u00e9marquer par une voyance de plus en plus nette et pure.<\/p>\n<h2>Une pratique reconnue<\/h2>\n<p>En chiffre, la voyance en France repr\u00e9sente plus de 5 millions de consultants au sein de l&rsquo;hexagone. Longtemps interdite, ce n&rsquo;est que dans les ann\u00e9es 90 que celle-ci a \u00e9t\u00e9 d\u00e9p\u00e9nalis\u00e9e afin d&rsquo;autoriser sa pratique avec une plus grande libert\u00e9 qu&rsquo;auparavant.<\/p>\n","protected":false},"excerpt":{"rendered":"<div class=\"mh-excerpt\"><p>Les origines de la voyance en France La clairvoyance ou\u00a0voyance\u00a0en France est une divination dont l&rsquo;existence remonte \u00e0 la naissance des premi\u00e8res civilisations. Dans la <a class=\"mh-excerpt-more\" href=\"https:\/\/www.danaelle-voyance.com\/voyance-par-telephone\/voyance-france\/\" title=\"Voyance France : Quelle est la nature de la voyance en France ?\">[&#8230;]<\/a><\/p>\n<\/div>","protected":false},"author":1,"featured_media":0,"parent":0,"menu_order":0,"comment_status":"open","ping_status":"open","template":"voyance-france.php","meta":{"footnotes":""},"class_list":["post-143","page","type-page","status-publish","hentry"],"yoast_head":"<!-- This site is optimized with the Yoast SEO plugin v24.9 - https:\/\/yoast.com\/wordpress\/plugins\/seo\/ -->\n<title>Voyance en France : Quelle est sa nature ?- Danaelle - Voyance<\/title>\n<meta name=\"description\" content=\"La voyance en France, son histoire, ses codes. Est-elle s\u00e9rieuse ? Plus de 5 millions de personnes consultent des voyants en France.\" \/>\n<meta name=\"robots\" content=\"index, follow, max-snippet:-1, max-image-preview:large, max-video-preview:-1\" \/>\n<link rel=\"canonical\" href=\"https:\/\/www.danaelle-voyance.com\/voyance-par-telephone\/voyance-france\/\" \/>\n<meta property=\"og:locale\" content=\"fr_FR\" \/>\n<meta property=\"og:type\" content=\"article\" \/>\n<meta property=\"og:title\" content=\"Voyance en France : Quelle est sa nature ?- Danaelle - Voyance\" \/>\n<meta property=\"og:description\" content=\"La voyance en France, son histoire, ses codes. Est-elle s\u00e9rieuse ? Plus de 5 millions de personnes consultent des voyants en France.\" \/>\n<meta property=\"og:url\" content=\"https:\/\/www.danaelle-voyance.com\/voyance-par-telephone\/voyance-france\/\" \/>\n<meta property=\"og:site_name\" content=\"Danaelle - Voyance\" \/>\n<meta property=\"article:publisher\" content=\"https:\/\/www.facebook.com\/danaellevoyance\" \/>\n<meta property=\"article:modified_time\" content=\"2018-01-24T00:10:08+00:00\" \/>\n<meta property=\"og:image\" content=\"https:\/\/www.danaelle-voyance.com\/wp-content\/uploads\/2013\/06\/Fotolia_1811107_XS-Copie-150x150.jpg\" \/>\n<meta name=\"twitter:label1\" content=\"Dur\u00e9e de lecture estim\u00e9e\" \/>\n\t<meta name=\"twitter:data1\" content=\"2 minutes\" \/>\n<script type=\"application\/ld+json\" class=\"yoast-schema-graph\">{\"@context\":\"https:\/\/schema.org\",\"@graph\":[{\"@type\":\"WebPage\",\"@id\":\"https:\/\/www.danaelle-voyance.com\/voyance-par-telephone\/voyance-france\/\",\"url\":\"https:\/\/www.danaelle-voyance.com\/voyance-par-telephone\/voyance-france\/\",\"name\":\"Voyance en France : Quelle est sa nature ?- Danaelle - Voyance\",\"isPartOf\":{\"@id\":\"https:\/\/www.danaelle-voyance.com\/voyance-par-telephone\/#website\"},\"primaryImageOfPage\":{\"@id\":\"https:\/\/www.danaelle-voyance.com\/voyance-par-telephone\/voyance-france\/#primaryimage\"},\"image\":{\"@id\":\"https:\/\/www.danaelle-voyance.com\/voyance-par-telephone\/voyance-france\/#primaryimage\"},\"thumbnailUrl\":\"https:\/\/www.danaelle-voyance.com\/wp-content\/uploads\/2013\/06\/Fotolia_1811107_XS-Copie-150x150.jpg\",\"datePublished\":\"2013-07-02T15:22:17+00:00\",\"dateModified\":\"2018-01-24T00:10:08+00:00\",\"description\":\"La voyance en France, son histoire, ses codes. Est-elle s\u00e9rieuse ? Plus de 5 millions de personnes consultent des voyants en France.\",\"breadcrumb\":{\"@id\":\"https:\/\/www.danaelle-voyance.com\/voyance-par-telephone\/voyance-france\/#breadcrumb\"},\"inLanguage\":\"fr-FR\",\"potentialAction\":[{\"@type\":\"ReadAction\",\"target\":[\"https:\/\/www.danaelle-voyance.com\/voyance-par-telephone\/voyance-france\/\"]}]},{\"@type\":\"ImageObject\",\"inLanguage\":\"fr-FR\",\"@id\":\"https:\/\/www.danaelle-voyance.com\/voyance-par-telephone\/voyance-france\/#primaryimage\",\"url\":\"https:\/\/www.danaelle-voyance.com\/wp-content\/uploads\/2013\/06\/Fotolia_1811107_XS-Copie-150x150.jpg\",\"contentUrl\":\"https:\/\/www.danaelle-voyance.com\/wp-content\/uploads\/2013\/06\/Fotolia_1811107_XS-Copie-150x150.jpg\"},{\"@type\":\"BreadcrumbList\",\"@id\":\"https:\/\/www.danaelle-voyance.com\/voyance-par-telephone\/voyance-france\/#breadcrumb\",\"itemListElement\":[{\"@type\":\"ListItem\",\"position\":1,\"name\":\"Home\",\"item\":\"https:\/\/www.danaelle-voyance.com\/voyance-par-telephone\/\"},{\"@type\":\"ListItem\",\"position\":2,\"name\":\"Voyance France : Quelle est la nature de la voyance en France ?\"}]},{\"@type\":\"WebSite\",\"@id\":\"https:\/\/www.danaelle-voyance.com\/voyance-par-telephone\/#website\",\"url\":\"https:\/\/www.danaelle-voyance.com\/voyance-par-telephone\/\",\"name\":\"Danaelle - Voyance\",\"description\":\"Voyance par t\u00e9l\u00e9phone - Des voyants professionnels \u00e0 votre service\",\"publisher\":{\"@id\":\"https:\/\/www.danaelle-voyance.com\/voyance-par-telephone\/#organization\"},\"potentialAction\":[{\"@type\":\"SearchAction\",\"target\":{\"@type\":\"EntryPoint\",\"urlTemplate\":\"https:\/\/www.danaelle-voyance.com\/voyance-par-telephone\/?s={search_term_string}\"},\"query-input\":{\"@type\":\"PropertyValueSpecification\",\"valueRequired\":true,\"valueName\":\"search_term_string\"}}],\"inLanguage\":\"fr-FR\"},{\"@type\":\"Organization\",\"@id\":\"https:\/\/www.danaelle-voyance.com\/voyance-par-telephone\/#organization\",\"name\":\"Danaelle Voyance\",\"url\":\"https:\/\/www.danaelle-voyance.com\/voyance-par-telephone\/\",\"logo\":{\"@type\":\"ImageObject\",\"inLanguage\":\"fr-FR\",\"@id\":\"https:\/\/www.danaelle-voyance.com\/voyance-par-telephone\/#\/schema\/logo\/image\/\",\"url\":\"https:\/\/www.danaelle-voyance.com\/wp-content\/uploads\/2018\/10\/logo-danaelle-voyance-e1539618780249.png\",\"contentUrl\":\"https:\/\/www.danaelle-voyance.com\/wp-content\/uploads\/2018\/10\/logo-danaelle-voyance-e1539618780249.png\",\"width\":116,\"height\":140,\"caption\":\"Danaelle Voyance\"},\"image\":{\"@id\":\"https:\/\/www.danaelle-voyance.com\/voyance-par-telephone\/#\/schema\/logo\/image\/\"},\"sameAs\":[\"https:\/\/www.facebook.com\/danaellevoyance\"]}]}<\/script>\n<!-- \/ Yoast SEO plugin. -->","yoast_head_json":{"title":"Voyance en France : Quelle est sa nature ?- Danaelle - Voyance","description":"La voyance en France, son histoire, ses codes. Est-elle s\u00e9rieuse ? Plus de 5 millions de personnes consultent des voyants en France.","robots":{"index":"index","follow":"follow","max-snippet":"max-snippet:-1","max-image-preview":"max-image-preview:large","max-video-preview":"max-video-preview:-1"},"canonical":"https:\/\/www.danaelle-voyance.com\/voyance-par-telephone\/voyance-france\/","og_locale":"fr_FR","og_type":"article","og_title":"Voyance en France : Quelle est sa nature ?- Danaelle - Voyance","og_description":"La voyance en France, son histoire, ses codes. Est-elle s\u00e9rieuse ? Plus de 5 millions de personnes consultent des voyants en France.","og_url":"https:\/\/www.danaelle-voyance.com\/voyance-par-telephone\/voyance-france\/","og_site_name":"Danaelle - Voyance","article_publisher":"https:\/\/www.facebook.com\/danaellevoyance","article_modified_time":"2018-01-24T00:10:08+00:00","og_image":[{"url":"https:\/\/www.danaelle-voyance.com\/wp-content\/uploads\/2013\/06\/Fotolia_1811107_XS-Copie-150x150.jpg","type":"","width":"","height":""}],"twitter_misc":{"Dur\u00e9e de lecture estim\u00e9e":"2 minutes"},"schema":{"@context":"https:\/\/schema.org","@graph":[{"@type":"WebPage","@id":"https:\/\/www.danaelle-voyance.com\/voyance-par-telephone\/voyance-france\/","url":"https:\/\/www.danaelle-voyance.com\/voyance-par-telephone\/voyance-france\/","name":"Voyance en France : Quelle est sa nature ?- Danaelle - Voyance","isPartOf":{"@id":"https:\/\/www.danaelle-voyance.com\/voyance-par-telephone\/#website"},"primaryImageOfPage":{"@id":"https:\/\/www.danaelle-voyance.com\/voyance-par-telephone\/voyance-france\/#primaryimage"},"image":{"@id":"https:\/\/www.danaelle-voyance.com\/voyance-par-telephone\/voyance-france\/#primaryimage"},"thumbnailUrl":"https:\/\/www.danaelle-voyance.com\/wp-content\/uploads\/2013\/06\/Fotolia_1811107_XS-Copie-150x150.jpg","datePublished":"2013-07-02T15:22:17+00:00","dateModified":"2018-01-24T00:10:08+00:00","description":"La voyance en France, son histoire, ses codes. Est-elle s\u00e9rieuse ? Plus de 5 millions de personnes consultent des voyants en France.","breadcrumb":{"@id":"https:\/\/www.danaelle-voyance.com\/voyance-par-telephone\/voyance-france\/#breadcrumb"},"inLanguage":"fr-FR","potentialAction":[{"@type":"ReadAction","target":["https:\/\/www.danaelle-voyance.com\/voyance-par-telephone\/voyance-france\/"]}]},{"@type":"ImageObject","inLanguage":"fr-FR","@id":"https:\/\/www.danaelle-voyance.com\/voyance-par-telephone\/voyance-france\/#primaryimage","url":"https:\/\/www.danaelle-voyance.com\/wp-content\/uploads\/2013\/06\/Fotolia_1811107_XS-Copie-150x150.jpg","contentUrl":"https:\/\/www.danaelle-voyance.com\/wp-content\/uploads\/2013\/06\/Fotolia_1811107_XS-Copie-150x150.jpg"},{"@type":"BreadcrumbList","@id":"https:\/\/www.danaelle-voyance.com\/voyance-par-telephone\/voyance-france\/#breadcrumb","itemListElement":[{"@type":"ListItem","position":1,"name":"Home","item":"https:\/\/www.danaelle-voyance.com\/voyance-par-telephone\/"},{"@type":"ListItem","position":2,"name":"Voyance France : Quelle est la nature de la voyance en France ?"}]},{"@type":"WebSite","@id":"https:\/\/www.danaelle-voyance.com\/voyance-par-telephone\/#website","url":"https:\/\/www.danaelle-voyance.com\/voyance-par-telephone\/","name":"Danaelle - Voyance","description":"Voyance par t\u00e9l\u00e9phone - Des voyants professionnels \u00e0 votre service","publisher":{"@id":"https:\/\/www.danaelle-voyance.com\/voyance-par-telephone\/#organization"},"potentialAction":[{"@type":"SearchAction","target":{"@type":"EntryPoint","urlTemplate":"https:\/\/www.danaelle-voyance.com\/voyance-par-telephone\/?s={search_term_string}"},"query-input":{"@type":"PropertyValueSpecification","valueRequired":true,"valueName":"search_term_string"}}],"inLanguage":"fr-FR"},{"@type":"Organization","@id":"https:\/\/www.danaelle-voyance.com\/voyance-par-telephone\/#organization","name":"Danaelle Voyance","url":"https:\/\/www.danaelle-voyance.com\/voyance-par-telephone\/","logo":{"@type":"ImageObject","inLanguage":"fr-FR","@id":"https:\/\/www.danaelle-voyance.com\/voyance-par-telephone\/#\/schema\/logo\/image\/","url":"https:\/\/www.danaelle-voyance.com\/wp-content\/uploads\/2018\/10\/logo-danaelle-voyance-e1539618780249.png","contentUrl":"https:\/\/www.danaelle-voyance.com\/wp-content\/uploads\/2018\/10\/logo-danaelle-voyance-e1539618780249.png","width":116,"height":140,"caption":"Danaelle Voyance"},"image":{"@id":"https:\/\/www.danaelle-voyance.com\/voyance-par-telephone\/#\/schema\/logo\/image\/"},"sameAs":["https:\/\/www.facebook.com\/danaellevoyance"]}]}},"_links":{"self":[{"href":"https:\/\/www.danaelle-voyance.com\/voyance-par-telephone\/wp-json\/wp\/v2\/pages\/143","targetHints":{"allow":["GET"]}}],"collection":[{"href":"https:\/\/www.danaelle-voyance.com\/voyance-par-telephone\/wp-json\/wp\/v2\/pages"}],"about":[{"href":"https:\/\/www.danaelle-voyance.com\/voyance-par-telephone\/wp-json\/wp\/v2\/types\/page"}],"author":[{"embeddable":true,"href":"https:\/\/www.danaelle-voyance.com\/voyance-par-telephone\/wp-json\/wp\/v2\/users\/1"}],"replies":[{"embeddable":true,"href":"https:\/\/www.danaelle-voyance.com\/voyance-par-telephone\/wp-json\/wp\/v2\/comments?post=143"}],"version-history":[{"count":21,"href":"https:\/\/www.danaelle-voyance.com\/voyance-par-telephone\/wp-json\/wp\/v2\/pages\/143\/revisions"}],"predecessor-version":[{"id":1630,"href":"https:\/\/www.danaelle-voyance.com\/voyance-par-telephone\/wp-json\/wp\/v2\/pages\/143\/revisions\/1630"}],"wp:attachment":[{"href":"https:\/\/www.danaelle-voyance.com\/voyance-par-telephone\/wp-json\/wp\/v2\/media?parent=143"}],"curies":[{"name":"wp","href":"https:\/\/api.w.org\/{rel}","templated":true}]}}