{"id":1475,"date":"2017-03-06T20:20:50","date_gmt":"2017-03-06T19:20:50","guid":{"rendered":"http:\/\/www.danaelle-voyance.com\/voyance-par-telephone\/?page_id=1475"},"modified":"2018-01-24T01:07:40","modified_gmt":"2018-01-24T00:07:40","slug":"trouver-du-travail","status":"publish","type":"page","link":"https:\/\/www.danaelle-voyance.com\/voyance-par-telephone\/trouver-du-travail\/","title":{"rendered":"Trouver du travail"},"content":{"rendered":"<h2>Vais-je trouver du travail ?<\/h2>\n<p>je recherche un emploi, mais je ne trouve pas de travail.<\/p>\n<p>Je commence \u00e0 d\u00e9sesp\u00e9rer. Dans combien de temps je vais trouver du travail ?<\/p>\n<p>Un jour ? O\u00f9 chercher ? Faut-il que je me reconvertisse ?<\/p>\n<h2 style=\"text-align: center;\">Pour combien de temps ?<\/h2>\n<p style=\"text-align: center;\">Le travail que je trouverai sera-il un CDI ? Un CDD ?<\/p>\n<p style=\"text-align: center;\">Est ce que ce sera une situation pr\u00e9caire ou une situation stable ?<\/p>\n<h2 style=\"text-align: right;\">Et surtout vais-je m&rsquo;y plaire ?<\/h2>\n<p style=\"text-align: right;\">Est ce que je serai \u00e0 l&rsquo;aise dans ce travail ?<\/p>\n<p style=\"text-align: right;\">Vais-je m&rsquo;\u00e9panouir dans mon futur poste ?<\/p>\n<p style=\"text-align: center;\"><img loading=\"lazy\" decoding=\"async\" class=\"aligncenter size-mh-magazine-lite-content wp-image-1476\" src=\"https:\/\/www.danaelle-voyance.com\/wp-content\/uploads\/2017\/03\/travail-678x381.jpg\" alt=\"Trouver du travail\" width=\"678\" height=\"381\" \/><\/p>\n<p style=\"text-align: center;\">Gr\u00e2ce \u00e0 leurs dons : m\u00e9dium, tarologie, &#8230;<\/p>\n<p style=\"text-align: center;\"><a href=\"https:\/\/www.danaelle-voyance.com\/voyance-par-telephone\/\">Nos voyants sont l\u00e0<\/a> pour vous aider, guider et conseiller dans vos d\u00e9cisions.<\/p>\n<p style=\"text-align: center;\">Appelez nous<\/p>\n<p><a href=\"tel:0892680681\"><img loading=\"lazy\" decoding=\"async\" class=\"aligncenter wp-image-988 size-full\" src=\"https:\/\/www.danaelle-voyance.com\/wp-content\/uploads\/2013\/06\/telephone-tarifs-danaelle-voyance-300x39.png\" alt=\"0892 680 680 (0,60\u20ac\/min + prix appel) pour une consultation de voyance par telephone\" width=\"300\" height=\"39\" \/><\/a><\/p>\n","protected":false},"excerpt":{"rendered":"<div class=\"mh-excerpt\"><p>Vais-je trouver du travail ? je recherche un emploi, mais je ne trouve pas de travail. Je commence \u00e0 d\u00e9sesp\u00e9rer. Dans combien de temps je <a class=\"mh-excerpt-more\" href=\"https:\/\/www.danaelle-voyance.com\/voyance-par-telephone\/trouver-du-travail\/\" title=\"Trouver du travail\">[&#8230;]<\/a><\/p>\n<\/div>","protected":false},"author":4,"featured_media":0,"parent":0,"menu_order":0,"comment_status":"closed","ping_status":"closed","template":"","meta":{"footnotes":""},"class_list":["post-1475","page","type-page","status-publish","hentry"],"yoast_head":"<!-- This site is optimized with the Yoast SEO plugin v24.9 - https:\/\/yoast.com\/wordpress\/plugins\/seo\/ -->\n<title>Trouver du travail \u2022 Danaelle - Voyance<\/title>\n<meta name=\"robots\" content=\"index, follow, max-snippet:-1, max-image-preview:large, max-video-preview:-1\" \/>\n<link rel=\"canonical\" href=\"https:\/\/www.danaelle-voyance.com\/voyance-par-telephone\/trouver-du-travail\/\" \/>\n<meta property=\"og:locale\" content=\"fr_FR\" \/>\n<meta property=\"og:type\" content=\"article\" \/>\n<meta property=\"og:title\" content=\"Trouver du travail \u2022 Danaelle - Voyance\" \/>\n<meta property=\"og:description\" content=\"Vais-je trouver du travail ? je recherche un emploi, mais je ne trouve pas de travail. Je commence \u00e0 d\u00e9sesp\u00e9rer. Dans combien de temps je [...]\" \/>\n<meta property=\"og:url\" content=\"https:\/\/www.danaelle-voyance.com\/voyance-par-telephone\/trouver-du-travail\/\" \/>\n<meta property=\"og:site_name\" content=\"Danaelle - Voyance\" \/>\n<meta property=\"article:publisher\" content=\"https:\/\/www.facebook.com\/danaellevoyance\" \/>\n<meta property=\"article:modified_time\" content=\"2018-01-24T00:07:40+00:00\" \/>\n<meta property=\"og:image\" content=\"https:\/\/www.danaelle-voyance.com\/wp-content\/uploads\/2017\/03\/travail-678x381.jpg\" \/>\n<meta name=\"twitter:label1\" content=\"Dur\u00e9e de lecture estim\u00e9e\" \/>\n\t<meta name=\"twitter:data1\" content=\"1 minute\" \/>\n<script type=\"application\/ld+json\" class=\"yoast-schema-graph\">{\"@context\":\"https:\/\/schema.org\",\"@graph\":[{\"@type\":\"WebPage\",\"@id\":\"https:\/\/www.danaelle-voyance.com\/voyance-par-telephone\/trouver-du-travail\/\",\"url\":\"https:\/\/www.danaelle-voyance.com\/voyance-par-telephone\/trouver-du-travail\/\",\"name\":\"Trouver du travail \u2022 Danaelle - Voyance\",\"isPartOf\":{\"@id\":\"https:\/\/www.danaelle-voyance.com\/voyance-par-telephone\/#website\"},\"primaryImageOfPage\":{\"@id\":\"https:\/\/www.danaelle-voyance.com\/voyance-par-telephone\/trouver-du-travail\/#primaryimage\"},\"image\":{\"@id\":\"https:\/\/www.danaelle-voyance.com\/voyance-par-telephone\/trouver-du-travail\/#primaryimage\"},\"thumbnailUrl\":\"https:\/\/www.danaelle-voyance.com\/wp-content\/uploads\/2017\/03\/travail-678x381.jpg\",\"datePublished\":\"2017-03-06T19:20:50+00:00\",\"dateModified\":\"2018-01-24T00:07:40+00:00\",\"breadcrumb\":{\"@id\":\"https:\/\/www.danaelle-voyance.com\/voyance-par-telephone\/trouver-du-travail\/#breadcrumb\"},\"inLanguage\":\"fr-FR\",\"potentialAction\":[{\"@type\":\"ReadAction\",\"target\":[\"https:\/\/www.danaelle-voyance.com\/voyance-par-telephone\/trouver-du-travail\/\"]}]},{\"@type\":\"ImageObject\",\"inLanguage\":\"fr-FR\",\"@id\":\"https:\/\/www.danaelle-voyance.com\/voyance-par-telephone\/trouver-du-travail\/#primaryimage\",\"url\":\"https:\/\/www.danaelle-voyance.com\/wp-content\/uploads\/2017\/03\/travail-678x381.jpg\",\"contentUrl\":\"https:\/\/www.danaelle-voyance.com\/wp-content\/uploads\/2017\/03\/travail-678x381.jpg\"},{\"@type\":\"BreadcrumbList\",\"@id\":\"https:\/\/www.danaelle-voyance.com\/voyance-par-telephone\/trouver-du-travail\/#breadcrumb\",\"itemListElement\":[{\"@type\":\"ListItem\",\"position\":1,\"name\":\"Home\",\"item\":\"https:\/\/www.danaelle-voyance.com\/voyance-par-telephone\/\"},{\"@type\":\"ListItem\",\"position\":2,\"name\":\"Trouver du travail\"}]},{\"@type\":\"WebSite\",\"@id\":\"https:\/\/www.danaelle-voyance.com\/voyance-par-telephone\/#website\",\"url\":\"https:\/\/www.danaelle-voyance.com\/voyance-par-telephone\/\",\"name\":\"Danaelle - Voyance\",\"description\":\"Voyance par t\u00e9l\u00e9phone - Des voyants professionnels \u00e0 votre service\",\"publisher\":{\"@id\":\"https:\/\/www.danaelle-voyance.com\/voyance-par-telephone\/#organization\"},\"potentialAction\":[{\"@type\":\"SearchAction\",\"target\":{\"@type\":\"EntryPoint\",\"urlTemplate\":\"https:\/\/www.danaelle-voyance.com\/voyance-par-telephone\/?s={search_term_string}\"},\"query-input\":{\"@type\":\"PropertyValueSpecification\",\"valueRequired\":true,\"valueName\":\"search_term_string\"}}],\"inLanguage\":\"fr-FR\"},{\"@type\":\"Organization\",\"@id\":\"https:\/\/www.danaelle-voyance.com\/voyance-par-telephone\/#organization\",\"name\":\"Danaelle Voyance\",\"url\":\"https:\/\/www.danaelle-voyance.com\/voyance-par-telephone\/\",\"logo\":{\"@type\":\"ImageObject\",\"inLanguage\":\"fr-FR\",\"@id\":\"https:\/\/www.danaelle-voyance.com\/voyance-par-telephone\/#\/schema\/logo\/image\/\",\"url\":\"https:\/\/www.danaelle-voyance.com\/wp-content\/uploads\/2018\/10\/logo-danaelle-voyance-e1539618780249.png\",\"contentUrl\":\"https:\/\/www.danaelle-voyance.com\/wp-content\/uploads\/2018\/10\/logo-danaelle-voyance-e1539618780249.png\",\"width\":116,\"height\":140,\"caption\":\"Danaelle Voyance\"},\"image\":{\"@id\":\"https:\/\/www.danaelle-voyance.com\/voyance-par-telephone\/#\/schema\/logo\/image\/\"},\"sameAs\":[\"https:\/\/www.facebook.com\/danaellevoyance\"]}]}<\/script>\n<!-- \/ Yoast SEO plugin. -->","yoast_head_json":{"title":"Trouver du travail \u2022 Danaelle - Voyance","robots":{"index":"index","follow":"follow","max-snippet":"max-snippet:-1","max-image-preview":"max-image-preview:large","max-video-preview":"max-video-preview:-1"},"canonical":"https:\/\/www.danaelle-voyance.com\/voyance-par-telephone\/trouver-du-travail\/","og_locale":"fr_FR","og_type":"article","og_title":"Trouver du travail \u2022 Danaelle - Voyance","og_description":"Vais-je trouver du travail ? je recherche un emploi, mais je ne trouve pas de travail. Je commence \u00e0 d\u00e9sesp\u00e9rer. Dans combien de temps je [...]","og_url":"https:\/\/www.danaelle-voyance.com\/voyance-par-telephone\/trouver-du-travail\/","og_site_name":"Danaelle - Voyance","article_publisher":"https:\/\/www.facebook.com\/danaellevoyance","article_modified_time":"2018-01-24T00:07:40+00:00","og_image":[{"url":"https:\/\/www.danaelle-voyance.com\/wp-content\/uploads\/2017\/03\/travail-678x381.jpg","type":"","width":"","height":""}],"twitter_misc":{"Dur\u00e9e de lecture estim\u00e9e":"1 minute"},"schema":{"@context":"https:\/\/schema.org","@graph":[{"@type":"WebPage","@id":"https:\/\/www.danaelle-voyance.com\/voyance-par-telephone\/trouver-du-travail\/","url":"https:\/\/www.danaelle-voyance.com\/voyance-par-telephone\/trouver-du-travail\/","name":"Trouver du travail \u2022 Danaelle - Voyance","isPartOf":{"@id":"https:\/\/www.danaelle-voyance.com\/voyance-par-telephone\/#website"},"primaryImageOfPage":{"@id":"https:\/\/www.danaelle-voyance.com\/voyance-par-telephone\/trouver-du-travail\/#primaryimage"},"image":{"@id":"https:\/\/www.danaelle-voyance.com\/voyance-par-telephone\/trouver-du-travail\/#primaryimage"},"thumbnailUrl":"https:\/\/www.danaelle-voyance.com\/wp-content\/uploads\/2017\/03\/travail-678x381.jpg","datePublished":"2017-03-06T19:20:50+00:00","dateModified":"2018-01-24T00:07:40+00:00","breadcrumb":{"@id":"https:\/\/www.danaelle-voyance.com\/voyance-par-telephone\/trouver-du-travail\/#breadcrumb"},"inLanguage":"fr-FR","potentialAction":[{"@type":"ReadAction","target":["https:\/\/www.danaelle-voyance.com\/voyance-par-telephone\/trouver-du-travail\/"]}]},{"@type":"ImageObject","inLanguage":"fr-FR","@id":"https:\/\/www.danaelle-voyance.com\/voyance-par-telephone\/trouver-du-travail\/#primaryimage","url":"https:\/\/www.danaelle-voyance.com\/wp-content\/uploads\/2017\/03\/travail-678x381.jpg","contentUrl":"https:\/\/www.danaelle-voyance.com\/wp-content\/uploads\/2017\/03\/travail-678x381.jpg"},{"@type":"BreadcrumbList","@id":"https:\/\/www.danaelle-voyance.com\/voyance-par-telephone\/trouver-du-travail\/#breadcrumb","itemListElement":[{"@type":"ListItem","position":1,"name":"Home","item":"https:\/\/www.danaelle-voyance.com\/voyance-par-telephone\/"},{"@type":"ListItem","position":2,"name":"Trouver du travail"}]},{"@type":"WebSite","@id":"https:\/\/www.danaelle-voyance.com\/voyance-par-telephone\/#website","url":"https:\/\/www.danaelle-voyance.com\/voyance-par-telephone\/","name":"Danaelle - Voyance","description":"Voyance par t\u00e9l\u00e9phone - Des voyants professionnels \u00e0 votre service","publisher":{"@id":"https:\/\/www.danaelle-voyance.com\/voyance-par-telephone\/#organization"},"potentialAction":[{"@type":"SearchAction","target":{"@type":"EntryPoint","urlTemplate":"https:\/\/www.danaelle-voyance.com\/voyance-par-telephone\/?s={search_term_string}"},"query-input":{"@type":"PropertyValueSpecification","valueRequired":true,"valueName":"search_term_string"}}],"inLanguage":"fr-FR"},{"@type":"Organization","@id":"https:\/\/www.danaelle-voyance.com\/voyance-par-telephone\/#organization","name":"Danaelle Voyance","url":"https:\/\/www.danaelle-voyance.com\/voyance-par-telephone\/","logo":{"@type":"ImageObject","inLanguage":"fr-FR","@id":"https:\/\/www.danaelle-voyance.com\/voyance-par-telephone\/#\/schema\/logo\/image\/","url":"https:\/\/www.danaelle-voyance.com\/wp-content\/uploads\/2018\/10\/logo-danaelle-voyance-e1539618780249.png","contentUrl":"https:\/\/www.danaelle-voyance.com\/wp-content\/uploads\/2018\/10\/logo-danaelle-voyance-e1539618780249.png","width":116,"height":140,"caption":"Danaelle Voyance"},"image":{"@id":"https:\/\/www.danaelle-voyance.com\/voyance-par-telephone\/#\/schema\/logo\/image\/"},"sameAs":["https:\/\/www.facebook.com\/danaellevoyance"]}]}},"_links":{"self":[{"href":"https:\/\/www.danaelle-voyance.com\/voyance-par-telephone\/wp-json\/wp\/v2\/pages\/1475","targetHints":{"allow":["GET"]}}],"collection":[{"href":"https:\/\/www.danaelle-voyance.com\/voyance-par-telephone\/wp-json\/wp\/v2\/pages"}],"about":[{"href":"https:\/\/www.danaelle-voyance.com\/voyance-par-telephone\/wp-json\/wp\/v2\/types\/page"}],"author":[{"embeddable":true,"href":"https:\/\/www.danaelle-voyance.com\/voyance-par-telephone\/wp-json\/wp\/v2\/users\/4"}],"replies":[{"embeddable":true,"href":"https:\/\/www.danaelle-voyance.com\/voyance-par-telephone\/wp-json\/wp\/v2\/comments?post=1475"}],"version-history":[{"count":3,"href":"https:\/\/www.danaelle-voyance.com\/voyance-par-telephone\/wp-json\/wp\/v2\/pages\/1475\/revisions"}],"predecessor-version":[{"id":1627,"href":"https:\/\/www.danaelle-voyance.com\/voyance-par-telephone\/wp-json\/wp\/v2\/pages\/1475\/revisions\/1627"}],"wp:attachment":[{"href":"https:\/\/www.danaelle-voyance.com\/voyance-par-telephone\/wp-json\/wp\/v2\/media?parent=1475"}],"curies":[{"name":"wp","href":"https:\/\/api.w.org\/{rel}","templated":true}]}}