{"id":168,"date":"2013-07-03T16:00:56","date_gmt":"2013-07-03T14:00:56","guid":{"rendered":"http:\/\/www.danaelle-voyance.com\/?page_id=168"},"modified":"2017-01-16T00:20:48","modified_gmt":"2017-01-15T23:20:48","slug":"deontologie-de-la-voyance","status":"publish","type":"page","link":"https:\/\/www.danaelle-voyance.com\/voyance-par-telephone\/deontologie-de-la-voyance\/","title":{"rendered":"D\u00e9ontologie de la voyance"},"content":{"rendered":"<p>Afin d&rsquo;apporter un service de qualit\u00e9 aux personnes qui souhaitent consulter un voyant, le R\u00e9seau Danaelle Voyance fait respecter un Code de D\u00e9ontologie\u00a0\u00e0 son \u00e9quipe de voyants (<strong>voyantes<\/strong>, <strong>m\u00e9diums<\/strong>, <strong>astrologues<\/strong>,\u00a0<strong>tarologues<\/strong>, &#8230;).<\/p>\n<h2><strong>Article 1 &#8211; Probit\u00e9<\/strong><\/h2>\n<p>Notre \u00e9quipe de\u00a0<strong>voyants<\/strong>\u00a0et <strong>voyantes <\/strong>s&rsquo;engage \u00e0 respecter les r\u00e8gles pr\u00e9sentes dans ce\u00a0Code de D\u00e9ontologie de la voyance.<\/p>\n<h2><strong>Article 2 &#8211; Moyen<\/strong><\/h2>\n<p><strong>Les voyants du R\u00e9seau Danaelle Voyance<\/strong> ont une obligation de moyen et non de r\u00e9sultat. S\u00e9lectionn\u00e9s pour leurs comp\u00e9tences des\u00a0<strong>arts divinatoires<\/strong>, ils doivent r\u00e9pondre aux pr\u00e9occupations des consultants en mettant toutes leurs connaissances en \u0153uvre.<\/p>\n<h2><strong>Article 3 &#8211; Honn\u00eatet\u00e9<\/strong><\/h2>\n<p>Notre \u00e9quipe de <strong>m\u00e9diums<\/strong> est tenue de respecter le libre arbitre de chacun. Par cons\u00e9quent, les voyants s&rsquo;interdisent d&rsquo;influencer d&rsquo;une quelconque mani\u00e8re le choix des consultants. En effet, le plus grand respect du consultant doit toujours pr\u00e9valoir. Toute manipulation ou pression psychologique sur les consultants en profitant de leur \u00e9tat de faiblesse ( maladie, personnes seules, personnes en d\u00e9tresse psychologique, &#8230; ) est strictement interdite.<\/p>\n<h2><strong>Article 4 &#8211; Confidentialit\u00e9<\/strong><\/h2>\n<p>Aucune information personnelle relative \u00e0 la vie priv\u00e9e de nos consultants ne doit \u00eatre communiqu\u00e9e. Le secret professionnel s&rsquo;applique dans le respect des lois et ne peut \u00eatre rompu que par une autorit\u00e9 judiciaire. Aucune information ne doit \u00eatre \u00e9chang\u00e9e avec d&rsquo;autres membres de l&rsquo;\u00e9quipe.<\/p>\n<h2><strong>Article 5 &#8211; Interdiction de travaux occultes et d&rsquo;exercice ill\u00e9gale de la m\u00e9decine<br \/>\n<\/strong><\/h2>\n<p>Il est strictement interdit de pratiquer des travaux occultes : envo\u00fbtement, retour d&rsquo;affection, protection, magie noire ou magie blanche etc.<\/p>\n<p>Il est strictement interdit d&rsquo;\u00e9tablir des diagnostics m\u00e9dicaux, th\u00e9rapies, d&rsquo;annoncer des d\u00e9c\u00e8s ou bien de pr\u00e9coniser des traitement m\u00e9dicaux sous quelque forme que ce soit. En aucun cas les voyants ne peuvent se substituer au corps m\u00e9dical.<\/p>\n<h2><strong>Article 6 &#8211; D\u00e9tournement de client\u00e8le<br \/>\n<\/strong><\/h2>\n<p>Toute tentative de d\u00e9tournement de la client\u00e8le de la part d&rsquo;un voyant ou d&rsquo;une voyante \u00e0 des fins personnelles ou pour un tiers sera sanctionn\u00e9e par sa radiation imm\u00e9diate du pr\u00e9sent site, sans pr\u00e9avis ni honoraires et sous r\u00e9serve de poursuites judiciaires.<\/p>\n<h2><strong>Article 7 &#8211; Moralit\u00e9<\/strong><\/h2>\n<p>Notre \u00e9quipe s&rsquo;engage\u00a0\u00e0 ne tenir aucun propos politique, racial, discriminatoire ou encore religieux.<\/p>\n","protected":false},"excerpt":{"rendered":"<div class=\"mh-excerpt\"><p>Afin d&rsquo;apporter un service de qualit\u00e9 aux personnes qui souhaitent consulter un voyant, le R\u00e9seau Danaelle Voyance fait respecter un Code de D\u00e9ontologie\u00a0\u00e0 son \u00e9quipe <a class=\"mh-excerpt-more\" href=\"https:\/\/www.danaelle-voyance.com\/voyance-par-telephone\/deontologie-de-la-voyance\/\" title=\"D\u00e9ontologie de la voyance\">[&#8230;]<\/a><\/p>\n<\/div>","protected":false},"author":1,"featured_media":0,"parent":0,"menu_order":0,"comment_status":"open","ping_status":"open","template":"","meta":{"footnotes":""},"class_list":["post-168","page","type-page","status-publish","hentry"],"yoast_head":"<!-- This site is optimized with the Yoast SEO plugin v24.9 - https:\/\/yoast.com\/wordpress\/plugins\/seo\/ -->\n<title>D\u00e9ontologie de la voyance<\/title>\n<meta name=\"description\" content=\"Code de d\u00e9ontologie du R\u00e9seau Danaelle Voyance qui est un gage de professionnalisme. L&#039;ensemble de nos voyants et voyantes adh\u00e8rent \u00e0 ce code.\" \/>\n<meta name=\"robots\" content=\"index, follow, max-snippet:-1, max-image-preview:large, max-video-preview:-1\" \/>\n<link rel=\"canonical\" href=\"https:\/\/www.danaelle-voyance.com\/voyance-par-telephone\/deontologie-de-la-voyance\/\" \/>\n<meta property=\"og:locale\" content=\"fr_FR\" \/>\n<meta property=\"og:type\" content=\"article\" \/>\n<meta property=\"og:title\" content=\"D\u00e9ontologie de la voyance\" \/>\n<meta property=\"og:description\" content=\"Code de d\u00e9ontologie du R\u00e9seau Danaelle Voyance qui est un gage de professionnalisme. L&#039;ensemble de nos voyants et voyantes adh\u00e8rent \u00e0 ce code.\" \/>\n<meta property=\"og:url\" content=\"https:\/\/www.danaelle-voyance.com\/voyance-par-telephone\/deontologie-de-la-voyance\/\" \/>\n<meta property=\"og:site_name\" content=\"Danaelle - Voyance\" \/>\n<meta property=\"article:publisher\" content=\"https:\/\/www.facebook.com\/danaellevoyance\" \/>\n<meta property=\"article:modified_time\" content=\"2017-01-15T23:20:48+00:00\" \/>\n<meta name=\"twitter:label1\" content=\"Dur\u00e9e de lecture estim\u00e9e\" \/>\n\t<meta name=\"twitter:data1\" content=\"2 minutes\" \/>\n<script type=\"application\/ld+json\" class=\"yoast-schema-graph\">{\"@context\":\"https:\/\/schema.org\",\"@graph\":[{\"@type\":\"WebPage\",\"@id\":\"https:\/\/www.danaelle-voyance.com\/voyance-par-telephone\/deontologie-de-la-voyance\/\",\"url\":\"https:\/\/www.danaelle-voyance.com\/voyance-par-telephone\/deontologie-de-la-voyance\/\",\"name\":\"D\u00e9ontologie de la voyance\",\"isPartOf\":{\"@id\":\"https:\/\/www.danaelle-voyance.com\/voyance-par-telephone\/#website\"},\"datePublished\":\"2013-07-03T14:00:56+00:00\",\"dateModified\":\"2017-01-15T23:20:48+00:00\",\"description\":\"Code de d\u00e9ontologie du R\u00e9seau Danaelle Voyance qui est un gage de professionnalisme. L'ensemble de nos voyants et voyantes adh\u00e8rent \u00e0 ce code.\",\"breadcrumb\":{\"@id\":\"https:\/\/www.danaelle-voyance.com\/voyance-par-telephone\/deontologie-de-la-voyance\/#breadcrumb\"},\"inLanguage\":\"fr-FR\",\"potentialAction\":[{\"@type\":\"ReadAction\",\"target\":[\"https:\/\/www.danaelle-voyance.com\/voyance-par-telephone\/deontologie-de-la-voyance\/\"]}]},{\"@type\":\"BreadcrumbList\",\"@id\":\"https:\/\/www.danaelle-voyance.com\/voyance-par-telephone\/deontologie-de-la-voyance\/#breadcrumb\",\"itemListElement\":[{\"@type\":\"ListItem\",\"position\":1,\"name\":\"Home\",\"item\":\"https:\/\/www.danaelle-voyance.com\/voyance-par-telephone\/\"},{\"@type\":\"ListItem\",\"position\":2,\"name\":\"D\u00e9ontologie de la voyance\"}]},{\"@type\":\"WebSite\",\"@id\":\"https:\/\/www.danaelle-voyance.com\/voyance-par-telephone\/#website\",\"url\":\"https:\/\/www.danaelle-voyance.com\/voyance-par-telephone\/\",\"name\":\"Danaelle - Voyance\",\"description\":\"Voyance par t\u00e9l\u00e9phone - Des voyants professionnels \u00e0 votre service\",\"publisher\":{\"@id\":\"https:\/\/www.danaelle-voyance.com\/voyance-par-telephone\/#organization\"},\"potentialAction\":[{\"@type\":\"SearchAction\",\"target\":{\"@type\":\"EntryPoint\",\"urlTemplate\":\"https:\/\/www.danaelle-voyance.com\/voyance-par-telephone\/?s={search_term_string}\"},\"query-input\":{\"@type\":\"PropertyValueSpecification\",\"valueRequired\":true,\"valueName\":\"search_term_string\"}}],\"inLanguage\":\"fr-FR\"},{\"@type\":\"Organization\",\"@id\":\"https:\/\/www.danaelle-voyance.com\/voyance-par-telephone\/#organization\",\"name\":\"Danaelle Voyance\",\"url\":\"https:\/\/www.danaelle-voyance.com\/voyance-par-telephone\/\",\"logo\":{\"@type\":\"ImageObject\",\"inLanguage\":\"fr-FR\",\"@id\":\"https:\/\/www.danaelle-voyance.com\/voyance-par-telephone\/#\/schema\/logo\/image\/\",\"url\":\"https:\/\/www.danaelle-voyance.com\/wp-content\/uploads\/2018\/10\/logo-danaelle-voyance-e1539618780249.png\",\"contentUrl\":\"https:\/\/www.danaelle-voyance.com\/wp-content\/uploads\/2018\/10\/logo-danaelle-voyance-e1539618780249.png\",\"width\":116,\"height\":140,\"caption\":\"Danaelle Voyance\"},\"image\":{\"@id\":\"https:\/\/www.danaelle-voyance.com\/voyance-par-telephone\/#\/schema\/logo\/image\/\"},\"sameAs\":[\"https:\/\/www.facebook.com\/danaellevoyance\"]}]}<\/script>\n<!-- \/ Yoast SEO plugin. -->","yoast_head_json":{"title":"D\u00e9ontologie de la voyance","description":"Code de d\u00e9ontologie du R\u00e9seau Danaelle Voyance qui est un gage de professionnalisme. L'ensemble de nos voyants et voyantes adh\u00e8rent \u00e0 ce code.","robots":{"index":"index","follow":"follow","max-snippet":"max-snippet:-1","max-image-preview":"max-image-preview:large","max-video-preview":"max-video-preview:-1"},"canonical":"https:\/\/www.danaelle-voyance.com\/voyance-par-telephone\/deontologie-de-la-voyance\/","og_locale":"fr_FR","og_type":"article","og_title":"D\u00e9ontologie de la voyance","og_description":"Code de d\u00e9ontologie du R\u00e9seau Danaelle Voyance qui est un gage de professionnalisme. L'ensemble de nos voyants et voyantes adh\u00e8rent \u00e0 ce code.","og_url":"https:\/\/www.danaelle-voyance.com\/voyance-par-telephone\/deontologie-de-la-voyance\/","og_site_name":"Danaelle - Voyance","article_publisher":"https:\/\/www.facebook.com\/danaellevoyance","article_modified_time":"2017-01-15T23:20:48+00:00","twitter_misc":{"Dur\u00e9e de lecture estim\u00e9e":"2 minutes"},"schema":{"@context":"https:\/\/schema.org","@graph":[{"@type":"WebPage","@id":"https:\/\/www.danaelle-voyance.com\/voyance-par-telephone\/deontologie-de-la-voyance\/","url":"https:\/\/www.danaelle-voyance.com\/voyance-par-telephone\/deontologie-de-la-voyance\/","name":"D\u00e9ontologie de la voyance","isPartOf":{"@id":"https:\/\/www.danaelle-voyance.com\/voyance-par-telephone\/#website"},"datePublished":"2013-07-03T14:00:56+00:00","dateModified":"2017-01-15T23:20:48+00:00","description":"Code de d\u00e9ontologie du R\u00e9seau Danaelle Voyance qui est un gage de professionnalisme. L'ensemble de nos voyants et voyantes adh\u00e8rent \u00e0 ce code.","breadcrumb":{"@id":"https:\/\/www.danaelle-voyance.com\/voyance-par-telephone\/deontologie-de-la-voyance\/#breadcrumb"},"inLanguage":"fr-FR","potentialAction":[{"@type":"ReadAction","target":["https:\/\/www.danaelle-voyance.com\/voyance-par-telephone\/deontologie-de-la-voyance\/"]}]},{"@type":"BreadcrumbList","@id":"https:\/\/www.danaelle-voyance.com\/voyance-par-telephone\/deontologie-de-la-voyance\/#breadcrumb","itemListElement":[{"@type":"ListItem","position":1,"name":"Home","item":"https:\/\/www.danaelle-voyance.com\/voyance-par-telephone\/"},{"@type":"ListItem","position":2,"name":"D\u00e9ontologie de la voyance"}]},{"@type":"WebSite","@id":"https:\/\/www.danaelle-voyance.com\/voyance-par-telephone\/#website","url":"https:\/\/www.danaelle-voyance.com\/voyance-par-telephone\/","name":"Danaelle - Voyance","description":"Voyance par t\u00e9l\u00e9phone - Des voyants professionnels \u00e0 votre service","publisher":{"@id":"https:\/\/www.danaelle-voyance.com\/voyance-par-telephone\/#organization"},"potentialAction":[{"@type":"SearchAction","target":{"@type":"EntryPoint","urlTemplate":"https:\/\/www.danaelle-voyance.com\/voyance-par-telephone\/?s={search_term_string}"},"query-input":{"@type":"PropertyValueSpecification","valueRequired":true,"valueName":"search_term_string"}}],"inLanguage":"fr-FR"},{"@type":"Organization","@id":"https:\/\/www.danaelle-voyance.com\/voyance-par-telephone\/#organization","name":"Danaelle Voyance","url":"https:\/\/www.danaelle-voyance.com\/voyance-par-telephone\/","logo":{"@type":"ImageObject","inLanguage":"fr-FR","@id":"https:\/\/www.danaelle-voyance.com\/voyance-par-telephone\/#\/schema\/logo\/image\/","url":"https:\/\/www.danaelle-voyance.com\/wp-content\/uploads\/2018\/10\/logo-danaelle-voyance-e1539618780249.png","contentUrl":"https:\/\/www.danaelle-voyance.com\/wp-content\/uploads\/2018\/10\/logo-danaelle-voyance-e1539618780249.png","width":116,"height":140,"caption":"Danaelle Voyance"},"image":{"@id":"https:\/\/www.danaelle-voyance.com\/voyance-par-telephone\/#\/schema\/logo\/image\/"},"sameAs":["https:\/\/www.facebook.com\/danaellevoyance"]}]}},"_links":{"self":[{"href":"https:\/\/www.danaelle-voyance.com\/voyance-par-telephone\/wp-json\/wp\/v2\/pages\/168","targetHints":{"allow":["GET"]}}],"collection":[{"href":"https:\/\/www.danaelle-voyance.com\/voyance-par-telephone\/wp-json\/wp\/v2\/pages"}],"about":[{"href":"https:\/\/www.danaelle-voyance.com\/voyance-par-telephone\/wp-json\/wp\/v2\/types\/page"}],"author":[{"embeddable":true,"href":"https:\/\/www.danaelle-voyance.com\/voyance-par-telephone\/wp-json\/wp\/v2\/users\/1"}],"replies":[{"embeddable":true,"href":"https:\/\/www.danaelle-voyance.com\/voyance-par-telephone\/wp-json\/wp\/v2\/comments?post=168"}],"version-history":[{"count":9,"href":"https:\/\/www.danaelle-voyance.com\/voyance-par-telephone\/wp-json\/wp\/v2\/pages\/168\/revisions"}],"predecessor-version":[{"id":1451,"href":"https:\/\/www.danaelle-voyance.com\/voyance-par-telephone\/wp-json\/wp\/v2\/pages\/168\/revisions\/1451"}],"wp:attachment":[{"href":"https:\/\/www.danaelle-voyance.com\/voyance-par-telephone\/wp-json\/wp\/v2\/media?parent=168"}],"curies":[{"name":"wp","href":"https:\/\/api.w.org\/{rel}","templated":true}]}}