{"id":175,"date":"2013-07-03T16:49:25","date_gmt":"2013-07-03T14:49:25","guid":{"rendered":"http:\/\/www.danaelle-voyance.com\/?page_id=175"},"modified":"2018-01-24T01:03:06","modified_gmt":"2018-01-24T00:03:06","slug":"charte-de-la-voyance-par-telephone","status":"publish","type":"page","link":"https:\/\/www.danaelle-voyance.com\/voyance-par-telephone\/charte-de-la-voyance-par-telephone\/","title":{"rendered":"Charte de la voyance par t\u00e9l\u00e9phone"},"content":{"rendered":"<p>Le R\u00e9seau Voyance Danaelle s&rsquo;engage sur diff\u00e9rents points pour que nos voyants professionnels assurent des s\u00e9ances de voyance de qualit\u00e9 :<\/p>\n<h2 align=\"left\">\u00a0<strong>I &#8211; Recrutement de voyants professionnels :<\/strong><\/h2>\n<p align=\"left\">Par professionnalisme et dans un total souci de qualit\u00e9, nous attachons une grande importance au recrutement de nos professionnels. Ainsi, les voyants et voyantes s\u2019engagent \u00e0 r\u00e9aliser les consultations en respectant la ou les techniques de divination d\u00e9crites dans leur carte de visite audiotel.<\/p>\n<h2 align=\"left\"><strong> II &#8211; D\u00e9ontologie de la voyance par t\u00e9l\u00e9phone :<\/strong><\/h2>\n<p align=\"left\">En compl\u00e9ment de cette charte, l&rsquo;ensemble des voyants et voyantes pratiquant leurs dons signe un <a title=\"Code de d\u00e9ontologie de la voyance\" href=\"https:\/\/www.danaelle-voyance.com\/deontologie-de-la-voyance\">Code de d\u00e9ontologie<\/a> de la voyance. Ceci permet de garantir des\u00a0comportements professionnels de nos voyants.<a href=\"https:\/\/www.voyance-danaelle.com\/code-de-deontologie\" target=\"_blank\"><br \/>\n<\/a><\/p>\n<h2 align=\"left\"><strong>III &#8211; Ethique :<\/strong><\/h2>\n<p align=\"left\">Les voyants et voyantes du R\u00e9seau Danaelle Voyance s&rsquo;engage \u00e0 ne pas prolonger les consultations t\u00e9l\u00e9phoniques \u00e0 des fins commerciales. En effet, la voyance par t\u00e9l\u00e9phone est bas\u00e9e sur la notion de confiance et non sur la faiblesse des consultants.<\/p>\n<h2 align=\"left\"><strong>IV &#8211; Tarifs de consultation :<\/strong><\/h2>\n<p align=\"left\">Nous nous engageons \u00e0 informer notre aimable client\u00e8le des tarifs de consultation sur notre site. cette communication est r\u00e9alis\u00e9e par newsletters, Facebook ou autres moyens d&rsquo;information. De plus, nos tarifs sont pr\u00e9cis\u00e9s sur le site <a href=\"\/\">www.danaelle-voyance.com<\/a>.<\/p>\n<h2 align=\"left\"><strong>V &#8211; Protections des donn\u00e9es :<\/strong><\/h2>\n<p align=\"left\">En conformit\u00e9 avec les dispositions de la Loi 76-17 du 6 Janvier 1978, relative \u00e0 l&rsquo;informatique, aux fichiers et aux libert\u00e9s, le traitement automatis\u00e9 des donn\u00e9es nominatives effectu\u00e9s dans le cadre du site a fait l&rsquo;objet d&rsquo;une d\u00e9claration au CNIL. De plus, les voyants du r\u00e9seau Danaelle voyance s&rsquo;engage \u00e0 assurer la confidentialit\u00e9 des \u00e9changes.<\/p>\n","protected":false},"excerpt":{"rendered":"<div class=\"mh-excerpt\"><p>Le R\u00e9seau Voyance Danaelle s&rsquo;engage sur diff\u00e9rents points pour que nos voyants professionnels assurent des s\u00e9ances de voyance de qualit\u00e9 : \u00a0I &#8211; Recrutement de <a class=\"mh-excerpt-more\" href=\"https:\/\/www.danaelle-voyance.com\/voyance-par-telephone\/charte-de-la-voyance-par-telephone\/\" title=\"Charte de la voyance par t\u00e9l\u00e9phone\">[&#8230;]<\/a><\/p>\n<\/div>","protected":false},"author":1,"featured_media":0,"parent":0,"menu_order":0,"comment_status":"open","ping_status":"open","template":"","meta":{"footnotes":""},"class_list":["post-175","page","type-page","status-publish","hentry"],"yoast_head":"<!-- This site is optimized with the Yoast SEO plugin v24.9 - https:\/\/yoast.com\/wordpress\/plugins\/seo\/ -->\n<title>Charte de la voyance par t\u00e9l\u00e9phone<\/title>\n<meta name=\"description\" content=\"La charte de la voyance du R\u00e9seau Voyance Danaelle. Cette charte a pour but de garantir la qualit\u00e9 des s\u00e9ances de voyance par de vrais professionnels.\" \/>\n<meta name=\"robots\" content=\"index, follow, max-snippet:-1, max-image-preview:large, max-video-preview:-1\" \/>\n<link rel=\"canonical\" href=\"https:\/\/www.danaelle-voyance.com\/voyance-par-telephone\/charte-de-la-voyance-par-telephone\/\" \/>\n<meta property=\"og:locale\" content=\"fr_FR\" \/>\n<meta property=\"og:type\" content=\"article\" \/>\n<meta property=\"og:title\" content=\"Charte de la voyance par t\u00e9l\u00e9phone\" \/>\n<meta property=\"og:description\" content=\"La charte de la voyance du R\u00e9seau Voyance Danaelle. Cette charte a pour but de garantir la qualit\u00e9 des s\u00e9ances de voyance par de vrais professionnels.\" \/>\n<meta property=\"og:url\" content=\"https:\/\/www.danaelle-voyance.com\/voyance-par-telephone\/charte-de-la-voyance-par-telephone\/\" \/>\n<meta property=\"og:site_name\" content=\"Danaelle - Voyance\" \/>\n<meta property=\"article:publisher\" content=\"https:\/\/www.facebook.com\/danaellevoyance\" \/>\n<meta property=\"article:modified_time\" content=\"2018-01-24T00:03:06+00:00\" \/>\n<meta name=\"twitter:label1\" content=\"Dur\u00e9e de lecture estim\u00e9e\" \/>\n\t<meta name=\"twitter:data1\" content=\"1 minute\" \/>\n<script type=\"application\/ld+json\" class=\"yoast-schema-graph\">{\"@context\":\"https:\/\/schema.org\",\"@graph\":[{\"@type\":\"WebPage\",\"@id\":\"https:\/\/www.danaelle-voyance.com\/voyance-par-telephone\/charte-de-la-voyance-par-telephone\/\",\"url\":\"https:\/\/www.danaelle-voyance.com\/voyance-par-telephone\/charte-de-la-voyance-par-telephone\/\",\"name\":\"Charte de la voyance par t\u00e9l\u00e9phone\",\"isPartOf\":{\"@id\":\"https:\/\/www.danaelle-voyance.com\/voyance-par-telephone\/#website\"},\"datePublished\":\"2013-07-03T14:49:25+00:00\",\"dateModified\":\"2018-01-24T00:03:06+00:00\",\"description\":\"La charte de la voyance du R\u00e9seau Voyance Danaelle. Cette charte a pour but de garantir la qualit\u00e9 des s\u00e9ances de voyance par de vrais professionnels.\",\"breadcrumb\":{\"@id\":\"https:\/\/www.danaelle-voyance.com\/voyance-par-telephone\/charte-de-la-voyance-par-telephone\/#breadcrumb\"},\"inLanguage\":\"fr-FR\",\"potentialAction\":[{\"@type\":\"ReadAction\",\"target\":[\"https:\/\/www.danaelle-voyance.com\/voyance-par-telephone\/charte-de-la-voyance-par-telephone\/\"]}]},{\"@type\":\"BreadcrumbList\",\"@id\":\"https:\/\/www.danaelle-voyance.com\/voyance-par-telephone\/charte-de-la-voyance-par-telephone\/#breadcrumb\",\"itemListElement\":[{\"@type\":\"ListItem\",\"position\":1,\"name\":\"Home\",\"item\":\"https:\/\/www.danaelle-voyance.com\/voyance-par-telephone\/\"},{\"@type\":\"ListItem\",\"position\":2,\"name\":\"Charte de la voyance par t\u00e9l\u00e9phone\"}]},{\"@type\":\"WebSite\",\"@id\":\"https:\/\/www.danaelle-voyance.com\/voyance-par-telephone\/#website\",\"url\":\"https:\/\/www.danaelle-voyance.com\/voyance-par-telephone\/\",\"name\":\"Danaelle - Voyance\",\"description\":\"Voyance par t\u00e9l\u00e9phone - Des voyants professionnels \u00e0 votre service\",\"publisher\":{\"@id\":\"https:\/\/www.danaelle-voyance.com\/voyance-par-telephone\/#organization\"},\"potentialAction\":[{\"@type\":\"SearchAction\",\"target\":{\"@type\":\"EntryPoint\",\"urlTemplate\":\"https:\/\/www.danaelle-voyance.com\/voyance-par-telephone\/?s={search_term_string}\"},\"query-input\":{\"@type\":\"PropertyValueSpecification\",\"valueRequired\":true,\"valueName\":\"search_term_string\"}}],\"inLanguage\":\"fr-FR\"},{\"@type\":\"Organization\",\"@id\":\"https:\/\/www.danaelle-voyance.com\/voyance-par-telephone\/#organization\",\"name\":\"Danaelle Voyance\",\"url\":\"https:\/\/www.danaelle-voyance.com\/voyance-par-telephone\/\",\"logo\":{\"@type\":\"ImageObject\",\"inLanguage\":\"fr-FR\",\"@id\":\"https:\/\/www.danaelle-voyance.com\/voyance-par-telephone\/#\/schema\/logo\/image\/\",\"url\":\"https:\/\/www.danaelle-voyance.com\/wp-content\/uploads\/2018\/10\/logo-danaelle-voyance-e1539618780249.png\",\"contentUrl\":\"https:\/\/www.danaelle-voyance.com\/wp-content\/uploads\/2018\/10\/logo-danaelle-voyance-e1539618780249.png\",\"width\":116,\"height\":140,\"caption\":\"Danaelle Voyance\"},\"image\":{\"@id\":\"https:\/\/www.danaelle-voyance.com\/voyance-par-telephone\/#\/schema\/logo\/image\/\"},\"sameAs\":[\"https:\/\/www.facebook.com\/danaellevoyance\"]}]}<\/script>\n<!-- \/ Yoast SEO plugin. -->","yoast_head_json":{"title":"Charte de la voyance par t\u00e9l\u00e9phone","description":"La charte de la voyance du R\u00e9seau Voyance Danaelle. Cette charte a pour but de garantir la qualit\u00e9 des s\u00e9ances de voyance par de vrais professionnels.","robots":{"index":"index","follow":"follow","max-snippet":"max-snippet:-1","max-image-preview":"max-image-preview:large","max-video-preview":"max-video-preview:-1"},"canonical":"https:\/\/www.danaelle-voyance.com\/voyance-par-telephone\/charte-de-la-voyance-par-telephone\/","og_locale":"fr_FR","og_type":"article","og_title":"Charte de la voyance par t\u00e9l\u00e9phone","og_description":"La charte de la voyance du R\u00e9seau Voyance Danaelle. Cette charte a pour but de garantir la qualit\u00e9 des s\u00e9ances de voyance par de vrais professionnels.","og_url":"https:\/\/www.danaelle-voyance.com\/voyance-par-telephone\/charte-de-la-voyance-par-telephone\/","og_site_name":"Danaelle - Voyance","article_publisher":"https:\/\/www.facebook.com\/danaellevoyance","article_modified_time":"2018-01-24T00:03:06+00:00","twitter_misc":{"Dur\u00e9e de lecture estim\u00e9e":"1 minute"},"schema":{"@context":"https:\/\/schema.org","@graph":[{"@type":"WebPage","@id":"https:\/\/www.danaelle-voyance.com\/voyance-par-telephone\/charte-de-la-voyance-par-telephone\/","url":"https:\/\/www.danaelle-voyance.com\/voyance-par-telephone\/charte-de-la-voyance-par-telephone\/","name":"Charte de la voyance par t\u00e9l\u00e9phone","isPartOf":{"@id":"https:\/\/www.danaelle-voyance.com\/voyance-par-telephone\/#website"},"datePublished":"2013-07-03T14:49:25+00:00","dateModified":"2018-01-24T00:03:06+00:00","description":"La charte de la voyance du R\u00e9seau Voyance Danaelle. Cette charte a pour but de garantir la qualit\u00e9 des s\u00e9ances de voyance par de vrais professionnels.","breadcrumb":{"@id":"https:\/\/www.danaelle-voyance.com\/voyance-par-telephone\/charte-de-la-voyance-par-telephone\/#breadcrumb"},"inLanguage":"fr-FR","potentialAction":[{"@type":"ReadAction","target":["https:\/\/www.danaelle-voyance.com\/voyance-par-telephone\/charte-de-la-voyance-par-telephone\/"]}]},{"@type":"BreadcrumbList","@id":"https:\/\/www.danaelle-voyance.com\/voyance-par-telephone\/charte-de-la-voyance-par-telephone\/#breadcrumb","itemListElement":[{"@type":"ListItem","position":1,"name":"Home","item":"https:\/\/www.danaelle-voyance.com\/voyance-par-telephone\/"},{"@type":"ListItem","position":2,"name":"Charte de la voyance par t\u00e9l\u00e9phone"}]},{"@type":"WebSite","@id":"https:\/\/www.danaelle-voyance.com\/voyance-par-telephone\/#website","url":"https:\/\/www.danaelle-voyance.com\/voyance-par-telephone\/","name":"Danaelle - Voyance","description":"Voyance par t\u00e9l\u00e9phone - Des voyants professionnels \u00e0 votre service","publisher":{"@id":"https:\/\/www.danaelle-voyance.com\/voyance-par-telephone\/#organization"},"potentialAction":[{"@type":"SearchAction","target":{"@type":"EntryPoint","urlTemplate":"https:\/\/www.danaelle-voyance.com\/voyance-par-telephone\/?s={search_term_string}"},"query-input":{"@type":"PropertyValueSpecification","valueRequired":true,"valueName":"search_term_string"}}],"inLanguage":"fr-FR"},{"@type":"Organization","@id":"https:\/\/www.danaelle-voyance.com\/voyance-par-telephone\/#organization","name":"Danaelle Voyance","url":"https:\/\/www.danaelle-voyance.com\/voyance-par-telephone\/","logo":{"@type":"ImageObject","inLanguage":"fr-FR","@id":"https:\/\/www.danaelle-voyance.com\/voyance-par-telephone\/#\/schema\/logo\/image\/","url":"https:\/\/www.danaelle-voyance.com\/wp-content\/uploads\/2018\/10\/logo-danaelle-voyance-e1539618780249.png","contentUrl":"https:\/\/www.danaelle-voyance.com\/wp-content\/uploads\/2018\/10\/logo-danaelle-voyance-e1539618780249.png","width":116,"height":140,"caption":"Danaelle Voyance"},"image":{"@id":"https:\/\/www.danaelle-voyance.com\/voyance-par-telephone\/#\/schema\/logo\/image\/"},"sameAs":["https:\/\/www.facebook.com\/danaellevoyance"]}]}},"_links":{"self":[{"href":"https:\/\/www.danaelle-voyance.com\/voyance-par-telephone\/wp-json\/wp\/v2\/pages\/175","targetHints":{"allow":["GET"]}}],"collection":[{"href":"https:\/\/www.danaelle-voyance.com\/voyance-par-telephone\/wp-json\/wp\/v2\/pages"}],"about":[{"href":"https:\/\/www.danaelle-voyance.com\/voyance-par-telephone\/wp-json\/wp\/v2\/types\/page"}],"author":[{"embeddable":true,"href":"https:\/\/www.danaelle-voyance.com\/voyance-par-telephone\/wp-json\/wp\/v2\/users\/1"}],"replies":[{"embeddable":true,"href":"https:\/\/www.danaelle-voyance.com\/voyance-par-telephone\/wp-json\/wp\/v2\/comments?post=175"}],"version-history":[{"count":18,"href":"https:\/\/www.danaelle-voyance.com\/voyance-par-telephone\/wp-json\/wp\/v2\/pages\/175\/revisions"}],"predecessor-version":[{"id":1625,"href":"https:\/\/www.danaelle-voyance.com\/voyance-par-telephone\/wp-json\/wp\/v2\/pages\/175\/revisions\/1625"}],"wp:attachment":[{"href":"https:\/\/www.danaelle-voyance.com\/voyance-par-telephone\/wp-json\/wp\/v2\/media?parent=175"}],"curies":[{"name":"wp","href":"https:\/\/api.w.org\/{rel}","templated":true}]}}