{"id":179,"date":"2013-07-03T17:01:17","date_gmt":"2013-07-03T15:01:17","guid":{"rendered":"http:\/\/www.danaelle-voyance.com\/?page_id=179"},"modified":"2018-04-16T23:19:46","modified_gmt":"2018-04-16T21:19:47","slug":"mentions-legales","status":"publish","type":"page","link":"https:\/\/www.danaelle-voyance.com\/voyance-par-telephone\/mentions-legales\/","title":{"rendered":"Mentions l\u00e9gales"},"content":{"rendered":"<h2>Editeur du site www.<strong>danaelle-voyance.com<\/strong> :<\/h2>\n<p>D\u00e9nomination sociale ou raison sociale : RJB Contact<br \/>\nSIRET : 448 660 704 000 17<br \/>\nNum\u00e9ro de t\u00e9l\u00e9phone : 02 78 08 66 08<\/p>\n<h2>H\u00e9bergeur de www.site\u00a0<strong>danaelle-voyance.com<\/strong> :<\/h2>\n<p>OVH, SAS au capital de 10 069 020 \u20ac<br \/>\nSi\u00e8ge social : 2 rue Kellermann &#8211; 59100 Roubaix &#8211; France<br \/>\nSIREN : 424 761 419<\/p>\n<h2 id=\"gestion-avis\">Gestion des avis<\/h2>\n<h3>Mod\u00e9ration des avis<\/h3>\n<p>Tous les commentaires d\u00e9pos\u00e9s font l&rsquo;objet d&rsquo;une mod\u00e9ration. Le mod\u00e9rateur v\u00e9rifie que les commentaires sont en fran\u00e7ais et correspondent au sujet de la page du site. Le mod\u00e9rateur supprimera tous commentaires qu&rsquo;il consid\u00e8re comme du SPAM.<\/p>\n<p>Le mod\u00e9rateur pourra \u00e9galement modifier les commentaires d\u00e9pos\u00e9s avant la publication pour corriger les fautes d&rsquo;orthographe et de grammaire, sans en modifier le sens.<\/p>\n<p>Le mod\u00e9rateur peut contacter, par mail, la personne ayant d\u00e9pos\u00e9 un commentaire dans le but de v\u00e9rifier l&rsquo;authenticit\u00e9 ou de valider les modifications apport\u00e9es.<\/p>\n<h3>Classement des avis<\/h3>\n<p>Les commentaires sont tri\u00e9s par ordre chronologique du plus r\u00e9cent au plus ancien.<\/p>\n<h3>Dur\u00e9e de conservation des avis<\/h3>\n<p>Par d\u00e9faut, les commentaires sont conserv\u00e9s pendant toute la dur\u00e9e d&rsquo;existence de la page sur laquelle est d\u00e9pos\u00e9 l&rsquo;avis. Toutefois,\u00a0<span style=\"display: inline !important; float: none; background-color: transparent; color: #333333; cursor: text; font-family: Georgia,'Times New Roman','Bitstream Charter',Times,serif; font-size: 16px; font-style: normal; font-variant: normal; font-weight: 400; letter-spacing: normal; orphans: 2; text-align: left; text-decoration: none; text-indent: 0px; text-transform: none; -webkit-text-stroke-width: 0px; white-space: normal; word-spacing: 0px;\">si le nombre de commentaires sur la page est trop important pour la lisibilit\u00e9 et les performances de diffusion<\/span>, le webmaster peut d\u00e9cider de supprimer les commentaires les plus anciens.<\/p>\n<h3>Absence de contrepartie pour le d\u00e9p\u00f4t d&rsquo;avis<\/h3>\n<p>Aucune contrepartie ne sera accord\u00e9e \u00e0 la personne d\u00e9posant un commentaire.<\/p>\n<h3>Modification des avis d\u00e9pos\u00e9s<\/h3>\n<p>Les commentaires publi\u00e9s ne sont plus modifiables par le d\u00e9positaire.\u00a0 Toutefois, si le d\u00e9positaire souhaite supprimer un commentaire, il peut en faire la demande via le <a href=\"https:\/\/www.danaelle-voyance.com\/voyance-par-telephone\/contact\/\">formulaire de contact<\/a> en pr\u00e9cisant le pr\u00e9nom et l&rsquo;adresse mail utilis\u00e9 pour d\u00e9poser son commentaire.<\/p>\n","protected":false},"excerpt":{"rendered":"<div class=\"mh-excerpt\"><p>Editeur du site www.danaelle-voyance.com : D\u00e9nomination sociale ou raison sociale : RJB Contact SIRET : 448 660 704 000 17 Num\u00e9ro de t\u00e9l\u00e9phone : 02 <a class=\"mh-excerpt-more\" href=\"https:\/\/www.danaelle-voyance.com\/voyance-par-telephone\/mentions-legales\/\" title=\"Mentions l\u00e9gales\">[&#8230;]<\/a><\/p>\n<\/div>","protected":false},"author":1,"featured_media":0,"parent":0,"menu_order":0,"comment_status":"closed","ping_status":"open","template":"","meta":{"footnotes":""},"class_list":["post-179","page","type-page","status-publish","hentry"],"yoast_head":"<!-- This site is optimized with the Yoast SEO plugin v24.9 - https:\/\/yoast.com\/wordpress\/plugins\/seo\/ -->\n<title>Mentions l\u00e9gales<\/title>\n<meta name=\"description\" content=\"Mentions l\u00e9gales du site www.danaelle-voyance.com - coordonn\u00e9es de l\u00e9diteur du site et de l&#039;h\u00e9bergeur\" \/>\n<meta name=\"robots\" content=\"index, follow, max-snippet:-1, max-image-preview:large, max-video-preview:-1\" \/>\n<link rel=\"canonical\" href=\"https:\/\/www.danaelle-voyance.com\/voyance-par-telephone\/mentions-legales\/\" \/>\n<meta property=\"og:locale\" content=\"fr_FR\" \/>\n<meta property=\"og:type\" content=\"article\" \/>\n<meta property=\"og:title\" content=\"Mentions l\u00e9gales\" \/>\n<meta property=\"og:description\" content=\"Mentions l\u00e9gales du site www.danaelle-voyance.com - coordonn\u00e9es de l\u00e9diteur du site et de l&#039;h\u00e9bergeur\" \/>\n<meta property=\"og:url\" content=\"https:\/\/www.danaelle-voyance.com\/voyance-par-telephone\/mentions-legales\/\" \/>\n<meta property=\"og:site_name\" content=\"Danaelle - Voyance\" \/>\n<meta property=\"article:publisher\" content=\"https:\/\/www.facebook.com\/danaellevoyance\" \/>\n<meta property=\"article:modified_time\" content=\"2018-04-16T21:19:47+00:00\" \/>\n<meta name=\"twitter:label1\" content=\"Dur\u00e9e de lecture estim\u00e9e\" \/>\n\t<meta name=\"twitter:data1\" content=\"2 minutes\" \/>\n<script type=\"application\/ld+json\" class=\"yoast-schema-graph\">{\"@context\":\"https:\/\/schema.org\",\"@graph\":[{\"@type\":\"WebPage\",\"@id\":\"https:\/\/www.danaelle-voyance.com\/voyance-par-telephone\/mentions-legales\/\",\"url\":\"https:\/\/www.danaelle-voyance.com\/voyance-par-telephone\/mentions-legales\/\",\"name\":\"Mentions l\u00e9gales\",\"isPartOf\":{\"@id\":\"https:\/\/www.danaelle-voyance.com\/voyance-par-telephone\/#website\"},\"datePublished\":\"2013-07-03T15:01:17+00:00\",\"dateModified\":\"2018-04-16T21:19:47+00:00\",\"description\":\"Mentions l\u00e9gales du site www.danaelle-voyance.com - coordonn\u00e9es de l\u00e9diteur du site et de l'h\u00e9bergeur\",\"breadcrumb\":{\"@id\":\"https:\/\/www.danaelle-voyance.com\/voyance-par-telephone\/mentions-legales\/#breadcrumb\"},\"inLanguage\":\"fr-FR\",\"potentialAction\":[{\"@type\":\"ReadAction\",\"target\":[\"https:\/\/www.danaelle-voyance.com\/voyance-par-telephone\/mentions-legales\/\"]}]},{\"@type\":\"BreadcrumbList\",\"@id\":\"https:\/\/www.danaelle-voyance.com\/voyance-par-telephone\/mentions-legales\/#breadcrumb\",\"itemListElement\":[{\"@type\":\"ListItem\",\"position\":1,\"name\":\"Home\",\"item\":\"https:\/\/www.danaelle-voyance.com\/voyance-par-telephone\/\"},{\"@type\":\"ListItem\",\"position\":2,\"name\":\"Mentions l\u00e9gales\"}]},{\"@type\":\"WebSite\",\"@id\":\"https:\/\/www.danaelle-voyance.com\/voyance-par-telephone\/#website\",\"url\":\"https:\/\/www.danaelle-voyance.com\/voyance-par-telephone\/\",\"name\":\"Danaelle - Voyance\",\"description\":\"Voyance par t\u00e9l\u00e9phone - Des voyants professionnels \u00e0 votre service\",\"publisher\":{\"@id\":\"https:\/\/www.danaelle-voyance.com\/voyance-par-telephone\/#organization\"},\"potentialAction\":[{\"@type\":\"SearchAction\",\"target\":{\"@type\":\"EntryPoint\",\"urlTemplate\":\"https:\/\/www.danaelle-voyance.com\/voyance-par-telephone\/?s={search_term_string}\"},\"query-input\":{\"@type\":\"PropertyValueSpecification\",\"valueRequired\":true,\"valueName\":\"search_term_string\"}}],\"inLanguage\":\"fr-FR\"},{\"@type\":\"Organization\",\"@id\":\"https:\/\/www.danaelle-voyance.com\/voyance-par-telephone\/#organization\",\"name\":\"Danaelle Voyance\",\"url\":\"https:\/\/www.danaelle-voyance.com\/voyance-par-telephone\/\",\"logo\":{\"@type\":\"ImageObject\",\"inLanguage\":\"fr-FR\",\"@id\":\"https:\/\/www.danaelle-voyance.com\/voyance-par-telephone\/#\/schema\/logo\/image\/\",\"url\":\"https:\/\/www.danaelle-voyance.com\/wp-content\/uploads\/2018\/10\/logo-danaelle-voyance-e1539618780249.png\",\"contentUrl\":\"https:\/\/www.danaelle-voyance.com\/wp-content\/uploads\/2018\/10\/logo-danaelle-voyance-e1539618780249.png\",\"width\":116,\"height\":140,\"caption\":\"Danaelle Voyance\"},\"image\":{\"@id\":\"https:\/\/www.danaelle-voyance.com\/voyance-par-telephone\/#\/schema\/logo\/image\/\"},\"sameAs\":[\"https:\/\/www.facebook.com\/danaellevoyance\"]}]}<\/script>\n<!-- \/ Yoast SEO plugin. -->","yoast_head_json":{"title":"Mentions l\u00e9gales","description":"Mentions l\u00e9gales du site www.danaelle-voyance.com - coordonn\u00e9es de l\u00e9diteur du site et de l'h\u00e9bergeur","robots":{"index":"index","follow":"follow","max-snippet":"max-snippet:-1","max-image-preview":"max-image-preview:large","max-video-preview":"max-video-preview:-1"},"canonical":"https:\/\/www.danaelle-voyance.com\/voyance-par-telephone\/mentions-legales\/","og_locale":"fr_FR","og_type":"article","og_title":"Mentions l\u00e9gales","og_description":"Mentions l\u00e9gales du site www.danaelle-voyance.com - coordonn\u00e9es de l\u00e9diteur du site et de l'h\u00e9bergeur","og_url":"https:\/\/www.danaelle-voyance.com\/voyance-par-telephone\/mentions-legales\/","og_site_name":"Danaelle - Voyance","article_publisher":"https:\/\/www.facebook.com\/danaellevoyance","article_modified_time":"2018-04-16T21:19:47+00:00","twitter_misc":{"Dur\u00e9e de lecture estim\u00e9e":"2 minutes"},"schema":{"@context":"https:\/\/schema.org","@graph":[{"@type":"WebPage","@id":"https:\/\/www.danaelle-voyance.com\/voyance-par-telephone\/mentions-legales\/","url":"https:\/\/www.danaelle-voyance.com\/voyance-par-telephone\/mentions-legales\/","name":"Mentions l\u00e9gales","isPartOf":{"@id":"https:\/\/www.danaelle-voyance.com\/voyance-par-telephone\/#website"},"datePublished":"2013-07-03T15:01:17+00:00","dateModified":"2018-04-16T21:19:47+00:00","description":"Mentions l\u00e9gales du site www.danaelle-voyance.com - coordonn\u00e9es de l\u00e9diteur du site et de l'h\u00e9bergeur","breadcrumb":{"@id":"https:\/\/www.danaelle-voyance.com\/voyance-par-telephone\/mentions-legales\/#breadcrumb"},"inLanguage":"fr-FR","potentialAction":[{"@type":"ReadAction","target":["https:\/\/www.danaelle-voyance.com\/voyance-par-telephone\/mentions-legales\/"]}]},{"@type":"BreadcrumbList","@id":"https:\/\/www.danaelle-voyance.com\/voyance-par-telephone\/mentions-legales\/#breadcrumb","itemListElement":[{"@type":"ListItem","position":1,"name":"Home","item":"https:\/\/www.danaelle-voyance.com\/voyance-par-telephone\/"},{"@type":"ListItem","position":2,"name":"Mentions l\u00e9gales"}]},{"@type":"WebSite","@id":"https:\/\/www.danaelle-voyance.com\/voyance-par-telephone\/#website","url":"https:\/\/www.danaelle-voyance.com\/voyance-par-telephone\/","name":"Danaelle - Voyance","description":"Voyance par t\u00e9l\u00e9phone - Des voyants professionnels \u00e0 votre service","publisher":{"@id":"https:\/\/www.danaelle-voyance.com\/voyance-par-telephone\/#organization"},"potentialAction":[{"@type":"SearchAction","target":{"@type":"EntryPoint","urlTemplate":"https:\/\/www.danaelle-voyance.com\/voyance-par-telephone\/?s={search_term_string}"},"query-input":{"@type":"PropertyValueSpecification","valueRequired":true,"valueName":"search_term_string"}}],"inLanguage":"fr-FR"},{"@type":"Organization","@id":"https:\/\/www.danaelle-voyance.com\/voyance-par-telephone\/#organization","name":"Danaelle Voyance","url":"https:\/\/www.danaelle-voyance.com\/voyance-par-telephone\/","logo":{"@type":"ImageObject","inLanguage":"fr-FR","@id":"https:\/\/www.danaelle-voyance.com\/voyance-par-telephone\/#\/schema\/logo\/image\/","url":"https:\/\/www.danaelle-voyance.com\/wp-content\/uploads\/2018\/10\/logo-danaelle-voyance-e1539618780249.png","contentUrl":"https:\/\/www.danaelle-voyance.com\/wp-content\/uploads\/2018\/10\/logo-danaelle-voyance-e1539618780249.png","width":116,"height":140,"caption":"Danaelle Voyance"},"image":{"@id":"https:\/\/www.danaelle-voyance.com\/voyance-par-telephone\/#\/schema\/logo\/image\/"},"sameAs":["https:\/\/www.facebook.com\/danaellevoyance"]}]}},"_links":{"self":[{"href":"https:\/\/www.danaelle-voyance.com\/voyance-par-telephone\/wp-json\/wp\/v2\/pages\/179","targetHints":{"allow":["GET"]}}],"collection":[{"href":"https:\/\/www.danaelle-voyance.com\/voyance-par-telephone\/wp-json\/wp\/v2\/pages"}],"about":[{"href":"https:\/\/www.danaelle-voyance.com\/voyance-par-telephone\/wp-json\/wp\/v2\/types\/page"}],"author":[{"embeddable":true,"href":"https:\/\/www.danaelle-voyance.com\/voyance-par-telephone\/wp-json\/wp\/v2\/users\/1"}],"replies":[{"embeddable":true,"href":"https:\/\/www.danaelle-voyance.com\/voyance-par-telephone\/wp-json\/wp\/v2\/comments?post=179"}],"version-history":[{"count":13,"href":"https:\/\/www.danaelle-voyance.com\/voyance-par-telephone\/wp-json\/wp\/v2\/pages\/179\/revisions"}],"predecessor-version":[{"id":1764,"href":"https:\/\/www.danaelle-voyance.com\/voyance-par-telephone\/wp-json\/wp\/v2\/pages\/179\/revisions\/1764"}],"wp:attachment":[{"href":"https:\/\/www.danaelle-voyance.com\/voyance-par-telephone\/wp-json\/wp\/v2\/media?parent=179"}],"curies":[{"name":"wp","href":"https:\/\/api.w.org\/{rel}","templated":true}]}}