{"id":1897,"date":"2018-07-09T19:59:52","date_gmt":"2018-07-09T17:59:52","guid":{"rendered":"https:\/\/www.danaelle-voyance.com\/voyance-par-telephone\/?page_id=1897"},"modified":"2019-05-14T09:49:53","modified_gmt":"2019-05-14T07:49:53","slug":"jacqueline-voyante-par-telephone","status":"publish","type":"page","link":"https:\/\/www.danaelle-voyance.com\/voyance-par-telephone\/jacqueline-voyante-par-telephone\/","title":{"rendered":"Jacqueline &#8211; Voyante par T\u00e9l\u00e9phone"},"content":{"rendered":"<div id=\"ID_Info_conseiller\"><\/div>\n<p style=\"text-align:center;\"><a href=\"tel:0892680681\"><br \/>\n<img loading=\"lazy\" decoding=\"async\" width=\"300\" height=\"39\" class=\"aligncenter wp-image-988 size-full\" alt=\"0892 680 680 (0,60\u20ac\/min + prix appel)\" src=\"https:\/\/www.danaelle-voyance.com\/wp-content\/uploads\/2013\/06\/telephone-tarifs-danaelle-voyance-300x39.png\"><\/a><\/p>\n<p><img loading=\"lazy\" decoding=\"async\" class=\"aligncenter size-mh-magazine-lite-content wp-image-1871\" src=\"https:\/\/www.danaelle-voyance.com\/wp-content\/uploads\/2018\/07\/Paysage-reposant-678x381.jpg\" alt=\"Paysage reposant\" width=\"678\" height=\"381\" srcset=\"https:\/\/www.danaelle-voyance.com\/wp-content\/uploads\/2018\/07\/Paysage-reposant-678x381.jpg 678w, https:\/\/www.danaelle-voyance.com\/wp-content\/uploads\/2018\/07\/Paysage-reposant-300x169.jpg 300w, https:\/\/www.danaelle-voyance.com\/wp-content\/uploads\/2018\/07\/Paysage-reposant-768x431.jpg 768w, https:\/\/www.danaelle-voyance.com\/wp-content\/uploads\/2018\/07\/Paysage-reposant-1024x575.jpg 1024w, https:\/\/www.danaelle-voyance.com\/wp-content\/uploads\/2018\/07\/Paysage-reposant.jpg 1280w\" sizes=\"auto, (max-width: 678px) 100vw, 678px\" \/><\/p>\n","protected":false},"excerpt":{"rendered":"<div class=\"mh-excerpt\"><\/div>","protected":false},"author":4,"featured_media":0,"parent":0,"menu_order":0,"comment_status":"closed","ping_status":"closed","template":"","meta":{"footnotes":""},"class_list":["post-1897","page","type-page","status-publish","hentry"],"yoast_head":"<!-- This site is optimized with the Yoast SEO plugin v24.9 - https:\/\/yoast.com\/wordpress\/plugins\/seo\/ -->\n<title>Jacqueline - Voyante par T\u00e9l\u00e9phone \u2022 Danaelle - Voyance<\/title>\n<meta name=\"robots\" content=\"index, follow, max-snippet:-1, max-image-preview:large, max-video-preview:-1\" \/>\n<link rel=\"canonical\" href=\"https:\/\/www.danaelle-voyance.com\/voyance-par-telephone\/jacqueline-voyante-par-telephone\/\" \/>\n<meta property=\"og:locale\" content=\"fr_FR\" \/>\n<meta property=\"og:type\" content=\"article\" \/>\n<meta property=\"og:title\" content=\"Jacqueline - Voyante par T\u00e9l\u00e9phone \u2022 Danaelle - Voyance\" \/>\n<meta property=\"og:url\" content=\"https:\/\/www.danaelle-voyance.com\/voyance-par-telephone\/jacqueline-voyante-par-telephone\/\" \/>\n<meta property=\"og:site_name\" content=\"Danaelle - Voyance\" \/>\n<meta property=\"article:publisher\" content=\"https:\/\/www.facebook.com\/danaellevoyance\" \/>\n<meta property=\"article:modified_time\" content=\"2019-05-14T07:49:53+00:00\" \/>\n<meta property=\"og:image\" content=\"https:\/\/www.danaelle-voyance.com\/wp-content\/uploads\/2013\/06\/telephone-tarifs-danaelle-voyance-300x39.png\" \/>\n<script type=\"application\/ld+json\" class=\"yoast-schema-graph\">{\"@context\":\"https:\/\/schema.org\",\"@graph\":[{\"@type\":\"WebPage\",\"@id\":\"https:\/\/www.danaelle-voyance.com\/voyance-par-telephone\/jacqueline-voyante-par-telephone\/\",\"url\":\"https:\/\/www.danaelle-voyance.com\/voyance-par-telephone\/jacqueline-voyante-par-telephone\/\",\"name\":\"Jacqueline - Voyante par T\u00e9l\u00e9phone \u2022 Danaelle - Voyance\",\"isPartOf\":{\"@id\":\"https:\/\/www.danaelle-voyance.com\/voyance-par-telephone\/#website\"},\"primaryImageOfPage\":{\"@id\":\"https:\/\/www.danaelle-voyance.com\/voyance-par-telephone\/jacqueline-voyante-par-telephone\/#primaryimage\"},\"image\":{\"@id\":\"https:\/\/www.danaelle-voyance.com\/voyance-par-telephone\/jacqueline-voyante-par-telephone\/#primaryimage\"},\"thumbnailUrl\":\"https:\/\/www.danaelle-voyance.com\/wp-content\/uploads\/2013\/06\/telephone-tarifs-danaelle-voyance-300x39.png\",\"datePublished\":\"2018-07-09T17:59:52+00:00\",\"dateModified\":\"2019-05-14T07:49:53+00:00\",\"breadcrumb\":{\"@id\":\"https:\/\/www.danaelle-voyance.com\/voyance-par-telephone\/jacqueline-voyante-par-telephone\/#breadcrumb\"},\"inLanguage\":\"fr-FR\",\"potentialAction\":[{\"@type\":\"ReadAction\",\"target\":[\"https:\/\/www.danaelle-voyance.com\/voyance-par-telephone\/jacqueline-voyante-par-telephone\/\"]}]},{\"@type\":\"ImageObject\",\"inLanguage\":\"fr-FR\",\"@id\":\"https:\/\/www.danaelle-voyance.com\/voyance-par-telephone\/jacqueline-voyante-par-telephone\/#primaryimage\",\"url\":\"https:\/\/www.danaelle-voyance.com\/wp-content\/uploads\/2013\/06\/telephone-tarifs-danaelle-voyance-300x39.png\",\"contentUrl\":\"https:\/\/www.danaelle-voyance.com\/wp-content\/uploads\/2013\/06\/telephone-tarifs-danaelle-voyance-300x39.png\"},{\"@type\":\"BreadcrumbList\",\"@id\":\"https:\/\/www.danaelle-voyance.com\/voyance-par-telephone\/jacqueline-voyante-par-telephone\/#breadcrumb\",\"itemListElement\":[{\"@type\":\"ListItem\",\"position\":1,\"name\":\"Home\",\"item\":\"https:\/\/www.danaelle-voyance.com\/voyance-par-telephone\/\"},{\"@type\":\"ListItem\",\"position\":2,\"name\":\"Jacqueline &#8211; Voyante par T\u00e9l\u00e9phone\"}]},{\"@type\":\"WebSite\",\"@id\":\"https:\/\/www.danaelle-voyance.com\/voyance-par-telephone\/#website\",\"url\":\"https:\/\/www.danaelle-voyance.com\/voyance-par-telephone\/\",\"name\":\"Danaelle - Voyance\",\"description\":\"Voyance par t\u00e9l\u00e9phone - Des voyants professionnels \u00e0 votre service\",\"publisher\":{\"@id\":\"https:\/\/www.danaelle-voyance.com\/voyance-par-telephone\/#organization\"},\"potentialAction\":[{\"@type\":\"SearchAction\",\"target\":{\"@type\":\"EntryPoint\",\"urlTemplate\":\"https:\/\/www.danaelle-voyance.com\/voyance-par-telephone\/?s={search_term_string}\"},\"query-input\":{\"@type\":\"PropertyValueSpecification\",\"valueRequired\":true,\"valueName\":\"search_term_string\"}}],\"inLanguage\":\"fr-FR\"},{\"@type\":\"Organization\",\"@id\":\"https:\/\/www.danaelle-voyance.com\/voyance-par-telephone\/#organization\",\"name\":\"Danaelle Voyance\",\"url\":\"https:\/\/www.danaelle-voyance.com\/voyance-par-telephone\/\",\"logo\":{\"@type\":\"ImageObject\",\"inLanguage\":\"fr-FR\",\"@id\":\"https:\/\/www.danaelle-voyance.com\/voyance-par-telephone\/#\/schema\/logo\/image\/\",\"url\":\"https:\/\/www.danaelle-voyance.com\/wp-content\/uploads\/2018\/10\/logo-danaelle-voyance-e1539618780249.png\",\"contentUrl\":\"https:\/\/www.danaelle-voyance.com\/wp-content\/uploads\/2018\/10\/logo-danaelle-voyance-e1539618780249.png\",\"width\":116,\"height\":140,\"caption\":\"Danaelle Voyance\"},\"image\":{\"@id\":\"https:\/\/www.danaelle-voyance.com\/voyance-par-telephone\/#\/schema\/logo\/image\/\"},\"sameAs\":[\"https:\/\/www.facebook.com\/danaellevoyance\"]}]}<\/script>\n<!-- \/ Yoast SEO plugin. -->","yoast_head_json":{"title":"Jacqueline - Voyante par T\u00e9l\u00e9phone \u2022 Danaelle - Voyance","robots":{"index":"index","follow":"follow","max-snippet":"max-snippet:-1","max-image-preview":"max-image-preview:large","max-video-preview":"max-video-preview:-1"},"canonical":"https:\/\/www.danaelle-voyance.com\/voyance-par-telephone\/jacqueline-voyante-par-telephone\/","og_locale":"fr_FR","og_type":"article","og_title":"Jacqueline - Voyante par T\u00e9l\u00e9phone \u2022 Danaelle - Voyance","og_url":"https:\/\/www.danaelle-voyance.com\/voyance-par-telephone\/jacqueline-voyante-par-telephone\/","og_site_name":"Danaelle - Voyance","article_publisher":"https:\/\/www.facebook.com\/danaellevoyance","article_modified_time":"2019-05-14T07:49:53+00:00","og_image":[{"url":"https:\/\/www.danaelle-voyance.com\/wp-content\/uploads\/2013\/06\/telephone-tarifs-danaelle-voyance-300x39.png","type":"","width":"","height":""}],"schema":{"@context":"https:\/\/schema.org","@graph":[{"@type":"WebPage","@id":"https:\/\/www.danaelle-voyance.com\/voyance-par-telephone\/jacqueline-voyante-par-telephone\/","url":"https:\/\/www.danaelle-voyance.com\/voyance-par-telephone\/jacqueline-voyante-par-telephone\/","name":"Jacqueline - Voyante par T\u00e9l\u00e9phone \u2022 Danaelle - Voyance","isPartOf":{"@id":"https:\/\/www.danaelle-voyance.com\/voyance-par-telephone\/#website"},"primaryImageOfPage":{"@id":"https:\/\/www.danaelle-voyance.com\/voyance-par-telephone\/jacqueline-voyante-par-telephone\/#primaryimage"},"image":{"@id":"https:\/\/www.danaelle-voyance.com\/voyance-par-telephone\/jacqueline-voyante-par-telephone\/#primaryimage"},"thumbnailUrl":"https:\/\/www.danaelle-voyance.com\/wp-content\/uploads\/2013\/06\/telephone-tarifs-danaelle-voyance-300x39.png","datePublished":"2018-07-09T17:59:52+00:00","dateModified":"2019-05-14T07:49:53+00:00","breadcrumb":{"@id":"https:\/\/www.danaelle-voyance.com\/voyance-par-telephone\/jacqueline-voyante-par-telephone\/#breadcrumb"},"inLanguage":"fr-FR","potentialAction":[{"@type":"ReadAction","target":["https:\/\/www.danaelle-voyance.com\/voyance-par-telephone\/jacqueline-voyante-par-telephone\/"]}]},{"@type":"ImageObject","inLanguage":"fr-FR","@id":"https:\/\/www.danaelle-voyance.com\/voyance-par-telephone\/jacqueline-voyante-par-telephone\/#primaryimage","url":"https:\/\/www.danaelle-voyance.com\/wp-content\/uploads\/2013\/06\/telephone-tarifs-danaelle-voyance-300x39.png","contentUrl":"https:\/\/www.danaelle-voyance.com\/wp-content\/uploads\/2013\/06\/telephone-tarifs-danaelle-voyance-300x39.png"},{"@type":"BreadcrumbList","@id":"https:\/\/www.danaelle-voyance.com\/voyance-par-telephone\/jacqueline-voyante-par-telephone\/#breadcrumb","itemListElement":[{"@type":"ListItem","position":1,"name":"Home","item":"https:\/\/www.danaelle-voyance.com\/voyance-par-telephone\/"},{"@type":"ListItem","position":2,"name":"Jacqueline &#8211; Voyante par T\u00e9l\u00e9phone"}]},{"@type":"WebSite","@id":"https:\/\/www.danaelle-voyance.com\/voyance-par-telephone\/#website","url":"https:\/\/www.danaelle-voyance.com\/voyance-par-telephone\/","name":"Danaelle - Voyance","description":"Voyance par t\u00e9l\u00e9phone - Des voyants professionnels \u00e0 votre service","publisher":{"@id":"https:\/\/www.danaelle-voyance.com\/voyance-par-telephone\/#organization"},"potentialAction":[{"@type":"SearchAction","target":{"@type":"EntryPoint","urlTemplate":"https:\/\/www.danaelle-voyance.com\/voyance-par-telephone\/?s={search_term_string}"},"query-input":{"@type":"PropertyValueSpecification","valueRequired":true,"valueName":"search_term_string"}}],"inLanguage":"fr-FR"},{"@type":"Organization","@id":"https:\/\/www.danaelle-voyance.com\/voyance-par-telephone\/#organization","name":"Danaelle Voyance","url":"https:\/\/www.danaelle-voyance.com\/voyance-par-telephone\/","logo":{"@type":"ImageObject","inLanguage":"fr-FR","@id":"https:\/\/www.danaelle-voyance.com\/voyance-par-telephone\/#\/schema\/logo\/image\/","url":"https:\/\/www.danaelle-voyance.com\/wp-content\/uploads\/2018\/10\/logo-danaelle-voyance-e1539618780249.png","contentUrl":"https:\/\/www.danaelle-voyance.com\/wp-content\/uploads\/2018\/10\/logo-danaelle-voyance-e1539618780249.png","width":116,"height":140,"caption":"Danaelle Voyance"},"image":{"@id":"https:\/\/www.danaelle-voyance.com\/voyance-par-telephone\/#\/schema\/logo\/image\/"},"sameAs":["https:\/\/www.facebook.com\/danaellevoyance"]}]}},"_links":{"self":[{"href":"https:\/\/www.danaelle-voyance.com\/voyance-par-telephone\/wp-json\/wp\/v2\/pages\/1897","targetHints":{"allow":["GET"]}}],"collection":[{"href":"https:\/\/www.danaelle-voyance.com\/voyance-par-telephone\/wp-json\/wp\/v2\/pages"}],"about":[{"href":"https:\/\/www.danaelle-voyance.com\/voyance-par-telephone\/wp-json\/wp\/v2\/types\/page"}],"author":[{"embeddable":true,"href":"https:\/\/www.danaelle-voyance.com\/voyance-par-telephone\/wp-json\/wp\/v2\/users\/4"}],"replies":[{"embeddable":true,"href":"https:\/\/www.danaelle-voyance.com\/voyance-par-telephone\/wp-json\/wp\/v2\/comments?post=1897"}],"version-history":[{"count":3,"href":"https:\/\/www.danaelle-voyance.com\/voyance-par-telephone\/wp-json\/wp\/v2\/pages\/1897\/revisions"}],"predecessor-version":[{"id":2092,"href":"https:\/\/www.danaelle-voyance.com\/voyance-par-telephone\/wp-json\/wp\/v2\/pages\/1897\/revisions\/2092"}],"wp:attachment":[{"href":"https:\/\/www.danaelle-voyance.com\/voyance-par-telephone\/wp-json\/wp\/v2\/media?parent=1897"}],"curies":[{"name":"wp","href":"https:\/\/api.w.org\/{rel}","templated":true}]}}