{"id":1950,"date":"2018-07-11T16:21:49","date_gmt":"2018-07-11T14:21:49","guid":{"rendered":"https:\/\/www.danaelle-voyance.com\/voyance-par-telephone\/?page_id=1950"},"modified":"2018-09-22T01:32:10","modified_gmt":"2018-09-21T23:32:10","slug":"horoscope-du-jour","status":"publish","type":"page","link":"https:\/\/www.danaelle-voyance.com\/voyance-par-telephone\/horoscope-du-jour\/","title":{"rendered":"Horoscope du Jour"},"content":{"rendered":"<p><!--DEBUT CODE ASTROO--><\/p>\n<div style=\"width: 360px; margin: 0 auto 0 auto;\"><iframe loading=\"lazy\" src=\"https:\/\/www.astroo.com\/horoscope-quotidien.htm\" name=\"hquotidien\" width=\"360px\" height=\"1730px\" scrolling=\"no\" align=\"center\"><br \/>\n<a href=\"https:\/\/www.astroo.com\/horoscopes\/\" target=\"_top\" title=\"Cliquez-ici pour afficher l'horoscope quotidien\">afficher l&rsquo;horoscope astroo de la journee<\/a><\/iframe><\/div>\n<p><!--FIN CODE ASTROO--><\/p>\n<p style=\"text-align: center;\">D\u00e9couvrez des astrologues, des boutiques et autres sites<br \/>\nsur <a href=\"http:\/\/www.annuaire-voyance.fr\" target=\"_blank\" rel=\"nofollow noopener\">http:\/\/www.annuaire-voyance.fr<\/a><br \/>\net<br \/>\n<a href=\"http:\/\/www.annuaire-voyance.info\/\" target=\"_blank\" rel=\"nofollow noopener\">Annuaire Voyance, Les meilleurs voyant du net gratuit ! <\/a><\/p>\n","protected":false},"excerpt":{"rendered":"<div class=\"mh-excerpt\"><p>afficher l&rsquo;horoscope astroo de la journee D\u00e9couvrez des astrologues, des boutiques et autres sites sur http:\/\/www.annuaire-voyance.fr et Annuaire Voyance, Les meilleurs voyant du net gratuit <a class=\"mh-excerpt-more\" href=\"https:\/\/www.danaelle-voyance.com\/voyance-par-telephone\/horoscope-du-jour\/\" title=\"Horoscope du Jour\">[&#8230;]<\/a><\/p>\n<\/div>","protected":false},"author":4,"featured_media":0,"parent":0,"menu_order":0,"comment_status":"closed","ping_status":"closed","template":"","meta":{"footnotes":""},"class_list":["post-1950","page","type-page","status-publish","hentry"],"yoast_head":"<!-- This site is optimized with the Yoast SEO plugin v24.9 - https:\/\/yoast.com\/wordpress\/plugins\/seo\/ -->\n<title>Horoscope du Jour \u2022 Danaelle - Voyance<\/title>\n<meta name=\"robots\" content=\"index, follow, max-snippet:-1, max-image-preview:large, max-video-preview:-1\" \/>\n<link rel=\"canonical\" href=\"https:\/\/www.danaelle-voyance.com\/voyance-par-telephone\/horoscope-du-jour\/\" \/>\n<meta property=\"og:locale\" content=\"fr_FR\" \/>\n<meta property=\"og:type\" content=\"article\" \/>\n<meta property=\"og:title\" content=\"Horoscope du Jour \u2022 Danaelle - Voyance\" \/>\n<meta property=\"og:description\" content=\"afficher l&rsquo;horoscope astroo de la journee D\u00e9couvrez des astrologues, des boutiques et autres sites sur http:\/\/www.annuaire-voyance.fr et Annuaire Voyance, Les meilleurs voyant du net gratuit [...]\" \/>\n<meta property=\"og:url\" content=\"https:\/\/www.danaelle-voyance.com\/voyance-par-telephone\/horoscope-du-jour\/\" \/>\n<meta property=\"og:site_name\" content=\"Danaelle - Voyance\" \/>\n<meta property=\"article:publisher\" content=\"https:\/\/www.facebook.com\/danaellevoyance\" \/>\n<meta property=\"article:modified_time\" content=\"2018-09-21T23:32:10+00:00\" \/>\n<script type=\"application\/ld+json\" class=\"yoast-schema-graph\">{\"@context\":\"https:\/\/schema.org\",\"@graph\":[{\"@type\":\"WebPage\",\"@id\":\"https:\/\/www.danaelle-voyance.com\/voyance-par-telephone\/horoscope-du-jour\/\",\"url\":\"https:\/\/www.danaelle-voyance.com\/voyance-par-telephone\/horoscope-du-jour\/\",\"name\":\"Horoscope du Jour \u2022 Danaelle - Voyance\",\"isPartOf\":{\"@id\":\"https:\/\/www.danaelle-voyance.com\/voyance-par-telephone\/#website\"},\"datePublished\":\"2018-07-11T14:21:49+00:00\",\"dateModified\":\"2018-09-21T23:32:10+00:00\",\"breadcrumb\":{\"@id\":\"https:\/\/www.danaelle-voyance.com\/voyance-par-telephone\/horoscope-du-jour\/#breadcrumb\"},\"inLanguage\":\"fr-FR\",\"potentialAction\":[{\"@type\":\"ReadAction\",\"target\":[\"https:\/\/www.danaelle-voyance.com\/voyance-par-telephone\/horoscope-du-jour\/\"]}]},{\"@type\":\"BreadcrumbList\",\"@id\":\"https:\/\/www.danaelle-voyance.com\/voyance-par-telephone\/horoscope-du-jour\/#breadcrumb\",\"itemListElement\":[{\"@type\":\"ListItem\",\"position\":1,\"name\":\"Home\",\"item\":\"https:\/\/www.danaelle-voyance.com\/voyance-par-telephone\/\"},{\"@type\":\"ListItem\",\"position\":2,\"name\":\"Horoscope du Jour\"}]},{\"@type\":\"WebSite\",\"@id\":\"https:\/\/www.danaelle-voyance.com\/voyance-par-telephone\/#website\",\"url\":\"https:\/\/www.danaelle-voyance.com\/voyance-par-telephone\/\",\"name\":\"Danaelle - Voyance\",\"description\":\"Voyance par t\u00e9l\u00e9phone - Des voyants professionnels \u00e0 votre service\",\"publisher\":{\"@id\":\"https:\/\/www.danaelle-voyance.com\/voyance-par-telephone\/#organization\"},\"potentialAction\":[{\"@type\":\"SearchAction\",\"target\":{\"@type\":\"EntryPoint\",\"urlTemplate\":\"https:\/\/www.danaelle-voyance.com\/voyance-par-telephone\/?s={search_term_string}\"},\"query-input\":{\"@type\":\"PropertyValueSpecification\",\"valueRequired\":true,\"valueName\":\"search_term_string\"}}],\"inLanguage\":\"fr-FR\"},{\"@type\":\"Organization\",\"@id\":\"https:\/\/www.danaelle-voyance.com\/voyance-par-telephone\/#organization\",\"name\":\"Danaelle Voyance\",\"url\":\"https:\/\/www.danaelle-voyance.com\/voyance-par-telephone\/\",\"logo\":{\"@type\":\"ImageObject\",\"inLanguage\":\"fr-FR\",\"@id\":\"https:\/\/www.danaelle-voyance.com\/voyance-par-telephone\/#\/schema\/logo\/image\/\",\"url\":\"https:\/\/www.danaelle-voyance.com\/wp-content\/uploads\/2018\/10\/logo-danaelle-voyance-e1539618780249.png\",\"contentUrl\":\"https:\/\/www.danaelle-voyance.com\/wp-content\/uploads\/2018\/10\/logo-danaelle-voyance-e1539618780249.png\",\"width\":116,\"height\":140,\"caption\":\"Danaelle Voyance\"},\"image\":{\"@id\":\"https:\/\/www.danaelle-voyance.com\/voyance-par-telephone\/#\/schema\/logo\/image\/\"},\"sameAs\":[\"https:\/\/www.facebook.com\/danaellevoyance\"]}]}<\/script>\n<!-- \/ Yoast SEO plugin. -->","yoast_head_json":{"title":"Horoscope du Jour \u2022 Danaelle - Voyance","robots":{"index":"index","follow":"follow","max-snippet":"max-snippet:-1","max-image-preview":"max-image-preview:large","max-video-preview":"max-video-preview:-1"},"canonical":"https:\/\/www.danaelle-voyance.com\/voyance-par-telephone\/horoscope-du-jour\/","og_locale":"fr_FR","og_type":"article","og_title":"Horoscope du Jour \u2022 Danaelle - Voyance","og_description":"afficher l&rsquo;horoscope astroo de la journee D\u00e9couvrez des astrologues, des boutiques et autres sites sur http:\/\/www.annuaire-voyance.fr et Annuaire Voyance, Les meilleurs voyant du net gratuit [...]","og_url":"https:\/\/www.danaelle-voyance.com\/voyance-par-telephone\/horoscope-du-jour\/","og_site_name":"Danaelle - Voyance","article_publisher":"https:\/\/www.facebook.com\/danaellevoyance","article_modified_time":"2018-09-21T23:32:10+00:00","schema":{"@context":"https:\/\/schema.org","@graph":[{"@type":"WebPage","@id":"https:\/\/www.danaelle-voyance.com\/voyance-par-telephone\/horoscope-du-jour\/","url":"https:\/\/www.danaelle-voyance.com\/voyance-par-telephone\/horoscope-du-jour\/","name":"Horoscope du Jour \u2022 Danaelle - Voyance","isPartOf":{"@id":"https:\/\/www.danaelle-voyance.com\/voyance-par-telephone\/#website"},"datePublished":"2018-07-11T14:21:49+00:00","dateModified":"2018-09-21T23:32:10+00:00","breadcrumb":{"@id":"https:\/\/www.danaelle-voyance.com\/voyance-par-telephone\/horoscope-du-jour\/#breadcrumb"},"inLanguage":"fr-FR","potentialAction":[{"@type":"ReadAction","target":["https:\/\/www.danaelle-voyance.com\/voyance-par-telephone\/horoscope-du-jour\/"]}]},{"@type":"BreadcrumbList","@id":"https:\/\/www.danaelle-voyance.com\/voyance-par-telephone\/horoscope-du-jour\/#breadcrumb","itemListElement":[{"@type":"ListItem","position":1,"name":"Home","item":"https:\/\/www.danaelle-voyance.com\/voyance-par-telephone\/"},{"@type":"ListItem","position":2,"name":"Horoscope du Jour"}]},{"@type":"WebSite","@id":"https:\/\/www.danaelle-voyance.com\/voyance-par-telephone\/#website","url":"https:\/\/www.danaelle-voyance.com\/voyance-par-telephone\/","name":"Danaelle - Voyance","description":"Voyance par t\u00e9l\u00e9phone - Des voyants professionnels \u00e0 votre service","publisher":{"@id":"https:\/\/www.danaelle-voyance.com\/voyance-par-telephone\/#organization"},"potentialAction":[{"@type":"SearchAction","target":{"@type":"EntryPoint","urlTemplate":"https:\/\/www.danaelle-voyance.com\/voyance-par-telephone\/?s={search_term_string}"},"query-input":{"@type":"PropertyValueSpecification","valueRequired":true,"valueName":"search_term_string"}}],"inLanguage":"fr-FR"},{"@type":"Organization","@id":"https:\/\/www.danaelle-voyance.com\/voyance-par-telephone\/#organization","name":"Danaelle Voyance","url":"https:\/\/www.danaelle-voyance.com\/voyance-par-telephone\/","logo":{"@type":"ImageObject","inLanguage":"fr-FR","@id":"https:\/\/www.danaelle-voyance.com\/voyance-par-telephone\/#\/schema\/logo\/image\/","url":"https:\/\/www.danaelle-voyance.com\/wp-content\/uploads\/2018\/10\/logo-danaelle-voyance-e1539618780249.png","contentUrl":"https:\/\/www.danaelle-voyance.com\/wp-content\/uploads\/2018\/10\/logo-danaelle-voyance-e1539618780249.png","width":116,"height":140,"caption":"Danaelle Voyance"},"image":{"@id":"https:\/\/www.danaelle-voyance.com\/voyance-par-telephone\/#\/schema\/logo\/image\/"},"sameAs":["https:\/\/www.facebook.com\/danaellevoyance"]}]}},"_links":{"self":[{"href":"https:\/\/www.danaelle-voyance.com\/voyance-par-telephone\/wp-json\/wp\/v2\/pages\/1950","targetHints":{"allow":["GET"]}}],"collection":[{"href":"https:\/\/www.danaelle-voyance.com\/voyance-par-telephone\/wp-json\/wp\/v2\/pages"}],"about":[{"href":"https:\/\/www.danaelle-voyance.com\/voyance-par-telephone\/wp-json\/wp\/v2\/types\/page"}],"author":[{"embeddable":true,"href":"https:\/\/www.danaelle-voyance.com\/voyance-par-telephone\/wp-json\/wp\/v2\/users\/4"}],"replies":[{"embeddable":true,"href":"https:\/\/www.danaelle-voyance.com\/voyance-par-telephone\/wp-json\/wp\/v2\/comments?post=1950"}],"version-history":[{"count":21,"href":"https:\/\/www.danaelle-voyance.com\/voyance-par-telephone\/wp-json\/wp\/v2\/pages\/1950\/revisions"}],"predecessor-version":[{"id":1988,"href":"https:\/\/www.danaelle-voyance.com\/voyance-par-telephone\/wp-json\/wp\/v2\/pages\/1950\/revisions\/1988"}],"wp:attachment":[{"href":"https:\/\/www.danaelle-voyance.com\/voyance-par-telephone\/wp-json\/wp\/v2\/media?parent=1950"}],"curies":[{"name":"wp","href":"https:\/\/api.w.org\/{rel}","templated":true}]}}