{"id":72,"date":"2013-06-23T22:46:25","date_gmt":"2013-06-23T20:46:25","guid":{"rendered":"http:\/\/www.danaelle-voyance.com\/?page_id=72"},"modified":"2022-09-02T22:16:54","modified_gmt":"2022-09-02T20:16:54","slug":"voyance-par-telephone-2","status":"publish","type":"page","link":"https:\/\/www.danaelle-voyance.com\/voyance-par-telephone\/","title":{"rendered":"Voyance par T\u00e9l\u00e9phone"},"content":{"rendered":"\n<p>\n\nBienvenue sur le site <strong>DANAELLE VOYANCE.&nbsp;<\/strong>Notre m\u00e9tier : La <strong>voyance par t\u00e9l\u00e9phone<\/strong>.&nbsp;Nos voyantes et voyants sont s\u00e9lectionn\u00e9s pour la qualit\u00e9 de leurs dons, leur exp\u00e9rience et leur s\u00e9rieux.\n\n<\/p>\n\n\n\n<div class=\"text-deco\" style=\"width: 350px;\">\n<p style=\"text-align: center;\"><strong style=\"font-size: 125%;\">87%<\/strong> des consultants nous rappellent<\/p>\n<p style=\"text-align: center;\"><strong style=\"font-size: 125%;\">40%<\/strong> sont des consultants r\u00e9guliers<span style=\"font-size: 70%;\"> (plus de 50 appels)<\/span><\/p>\n<p><strong style=\"font-size: 125%;\">60%<\/strong> moins cher en moyenne que les autres offres<\/p>\n<\/div>\n\n\n\n<p>\nNous sommes attach\u00e9s \u00e0 la satisfaction de nos clients et \u00e0 la qualit\u00e9 des consultations de voyance. Et donc, pour garantir un service de voyance par t\u00e9l\u00e9phone s\u00e9rieux, nous avons&nbsp;d\u00e9fini une <a href=\"https:\/\/www.danaelle-voyance.com\/voyance-par-telephone\/charte-de-la-voyance-par-telephone\/\">charte<\/a>, qui doit \u00eatre respect\u00e9e par tous <a href=\"https:\/\/www.danaelle-voyance.com\/voyance-par-telephone\/voyante-par-telephone\/\">nos voyants<\/a>.\n<\/p>\n\n\n\n<hr style=\"width: 50%; border-width: 6px; border-top-color: #6d2c8a;\">\n\n\n\n<p class=\"has-text-align-center mochiy has-large-font-size\">Vous habitez \u00e0 Dijon !<\/p>\n\n\n\n<p class=\"has-text-align-center has-medium-font-size\">Vous pouvez \u00e0 pr\u00e9sent venir au Cabinet Danaelle Voyance<br>pour une consultation priv\u00e9e en face \u00e0 face<br><a href=\"https:\/\/www.danaelle-voyance.com\/voyance-par-telephone\/cabinet-danaelle-voyance-dijon\/\">En savoir plus<\/a><\/p>\n\n\n\n<hr style=\"width: 50%; border-width: 6px; border-top-color: #6d2c8a;\">\n\n\n<p>Quelque soit leurs sp\u00e9cialit\u00e9s (M\u00e9dium, Tarologie, Cartomancie, Radiesth\u00e9sie,&#8230;), ils vous aideront \u00e0 trouver les r\u00e9ponses \u00e0 vos questions. De plus, nos consultations de <strong>voyance par t\u00e9l\u00e9phone<\/strong> sont r\u00e9alis\u00e9es dans <strong>le plus grand s\u00e9rieux et avec professionnalisme<\/strong>.<\/p>\n<p style=\"text-align: center;\"><strong> Argent, amour, professionnel, <\/strong><\/p>\n<p style=\"text-align: center;\">Nos voyants par t\u00e9l\u00e9phone exp\u00e9riment\u00e9s pourront vous guider \u00e0 prendre les bonnes d\u00e9cisions.<\/p>\n<p style=\"text-align: center;\"><a class=\"bouton-voyants\" href=\"https:\/\/www.danaelle-voyance.com\/voyance-par-telephone\/nos-voyants\/\">D\u00e9couvrez nos voyants et voyantes<\/a><\/p>\n<p style=\"text-align: center;\">Appeler nous, en France, au<a href=\"tel:0892680681\"><img loading=\"lazy\" decoding=\"async\" class=\"aligncenter wp-image-988 size-full\" src=\"https:\/\/www.danaelle-voyance.com\/wp-content\/uploads\/2013\/06\/telephone-tarifs-danaelle-voyance-300x39.png\" alt=\"0892 680 680 (0,60\u20ac\/min + prix appel) pour une consultation de voyance par t\u00e9l\u00e9phone en France\" width=\"300\" height=\"39\"><\/a>et en Belgique au<a href=\"tel:090756127\"><img loading=\"lazy\" decoding=\"async\" class=\"aligncenter wp-image-988 size-full\" src=\"https:\/\/www.danaelle-voyance.com\/wp-content\/uploads\/2019\/03\/telephone-tarifs-danaelle-voyance-belgique-300x39.png\" alt=\"0907 56 127 (1,75\u20ac\/min + prix appel) pour une consultation de voyance par t\u00e9l\u00e9phone en Belgique\" width=\"300\" height=\"39\"><\/a><img loading=\"lazy\" decoding=\"async\" width=\"150\" height=\"124\" class=\"colombe-right wp-image-1471 size-full\" src=\"https:\/\/www.danaelle-voyance.com\/wp-content\/uploads\/2013\/06\/colombe-droite.png\" alt=\"Colombe - symbole de l'amour\"> <img loading=\"lazy\" decoding=\"async\" width=\"150\" height=\"124\" class=\"colombe-left wp-image-1472 size-full\" src=\"https:\/\/www.danaelle-voyance.com\/wp-content\/uploads\/2013\/06\/colombe-gauche.png\" alt=\"Colombe - symbole de l'amour\">soit<br><strong style=\"font-size: 1.5em;\">18 \u20ac<\/strong> pour trente minutes<\/p>\n<p style=\"text-align: center;\">Et vous pouvez nous appeler <strong>tous les jours<\/strong>,<br><strong>24h\/24<\/strong><br>et choisissez votre voyant.<\/p>\n<h2 style=\"margin-top: 20px;\">Trois raisons pour choisir notre service de voyance par t\u00e9l\u00e9phone<\/h2>\n<h3><span class=\"synthese\">Pourquoi la consultation de voyance par&nbsp;t\u00e9l\u00e9phone est votre meilleur atout ?<\/span><\/h3>\n<ul>\n<li>Un premier atout majeur vient du fait que <strong>la voyante n&rsquo;a pas le contact visuel<\/strong> avec le consultant.<br>En effet, dans une consultation de voyance traditionnelle, en face \u00e0 face, le m\u00e9dium peut \u00eatre tenter d&rsquo;analyser et d\u00e9crypter le comportement physique de son consultant si celui \u00e0 un sens aiguis\u00e9 de la psychologie ! On parlera ici plus de psychologie morpho-\u00e9sot\u00e9rique que de voyance \u00e0 proprement parl\u00e9 ! Par cons\u00e9quent, l&rsquo;\u00e9loignement physique permet une divination particuli\u00e8re.<\/li>\n<li>Un deuxi\u00e8me atout est <strong>l&rsquo;imm\u00e9diatet\u00e9 de la consultation<\/strong>. En effet, \u00e0 tout moment de la journ\u00e9e ou de la soir\u00e9e, vous pouvez nous consulter au <a title=\"Num\u00e9ro de t\u00e9l\u00e9phone de notre service de voyance\" href=\"tel:0892680681\"><strong>0892.680.681<\/strong><\/a>. Plus besoin de prendre rendez-vous et se d\u00e9placer chez Mme Soleil !<\/li>\n<li>Un troisi\u00e8me atout tient \u00e0 <strong>sa discr\u00e9tion et \u00e0 son accessibilit\u00e9<\/strong>. En effet, non seulement le service de voyance par t\u00e9l\u00e9phone est accessible directement de sa maison ou tout autre endroit, mais en plus de cela, il existe une discr\u00e9tion tout \u00e0 fait propice \u00e0 un dialogue plus d\u00e9contract\u00e9 et serein.<\/li>\n<li>Un quatri\u00e8me atout est <strong>son co\u00fbt<\/strong>. Nous proposons le service de voyance par t\u00e9l\u00e9phone \u00e0 un&nbsp;tarif abordable pour la majorit\u00e9 des consultants. <strong>Vous ma\u00eetrisez vos d\u00e9penses<\/strong>&nbsp;puisque la dur\u00e9e d&rsquo;une consultation est limit\u00e9e \u00e0 30 minutes, soit un co\u00fbt de 18\u20ac la demi-heure. Libre \u00e0 vous de rappeler par la suite.<\/li>\n<li>Un cinqui\u00e8me atout est l<strong>a rapidit\u00e9 de la r\u00e9ponse<\/strong> \u00e0 la question que vous vous posez. Dans certains cas, la clairvoyance se fait rapidement gr\u00e2ce aux vibrations propices \u00e0 une pr\u00e9diction facilit\u00e9e. Ceci est imbattable ! Ce qui vous aurait pris du temps il y a quelques ann\u00e9es (prise de rendez-vous et d\u00e9placements) ne vous prend d\u00e9sormais que quelques minutes.<\/li>\n<\/ul>\n<div style=\"text-align: center;\"><img loading=\"lazy\" decoding=\"async\" class=\"aligncenter size-thumbnail wp-image-1428\" style=\"display: inline-block; padding: 0 5%; margin: 0; max-width: 20%;\" src=\"https:\/\/www.danaelle-voyance.com\/wp-content\/uploads\/2017\/01\/medium-150x150.jpg\" alt=\"Force des dons\" width=\"150\" height=\"150\"><img loading=\"lazy\" decoding=\"async\" class=\"aligncenter size-thumbnail wp-image-1427\" style=\"display: inline-block; padding: 0 5%; margin: 0; max-width: 20%;\" src=\"https:\/\/www.danaelle-voyance.com\/wp-content\/uploads\/2017\/01\/discretion-150x150.jpg\" alt=\"Discr\u00e9tion de la voyance par t\u00e9l\u00e9phone\" width=\"150\" height=\"150\"><img loading=\"lazy\" decoding=\"async\" class=\"aligncenter wp-image-244 size-thumbnail\" style=\"display: inline-block; padding: 0 5%; margin: 0; max-width: 20%;\" src=\"https:\/\/www.danaelle-voyance.com\/wp-content\/uploads\/2013\/07\/Voyance-sans-CB-150x150.jpg\" alt=\"Service sans Carte Bancaire\" width=\"150\" height=\"150\" srcset=\"https:\/\/www.danaelle-voyance.com\/wp-content\/uploads\/2013\/07\/Voyance-sans-CB-150x150.jpg 150w, https:\/\/www.danaelle-voyance.com\/wp-content\/uploads\/2013\/07\/Voyance-sans-CB-300x300.jpg 300w, https:\/\/www.danaelle-voyance.com\/wp-content\/uploads\/2013\/07\/Voyance-sans-CB-299x300.jpg 299w, https:\/\/www.danaelle-voyance.com\/wp-content\/uploads\/2013\/07\/Voyance-sans-CB.jpg 399w\" sizes=\"auto, (max-width: 150px) 100vw, 150px\" \/><\/div>\n<p><a title=\"Num\u00e9ro de t\u00e9l\u00e9phone de notre service de voyance\" href=\"tel:0892680681\"><img loading=\"lazy\" decoding=\"async\" class=\"aligncenter wp-image-988 size-full\" src=\"https:\/\/www.danaelle-voyance.com\/wp-content\/uploads\/2013\/06\/telephone-tarifs-danaelle-voyance-300x39.png\" alt=\"0892 680 680 (0,60\u20ac\/min + prix appel)\" width=\"300\" height=\"39\"><\/a><\/p>\n<p style=\"text-align: center;\"><a class=\"bouton-voyants\" href=\"https:\/\/www.danaelle-voyance.com\/voyance-par-telephone\/nos-voyants\/\">D\u00e9couvrez nos voyants et voyantes<\/a><\/p>\n<h3><span class=\"synthese\">Danaelle Voyance vous assure une voyance par t\u00e9l\u00e9phone s\u00e9rieuse<\/span><\/h3>\n<p>Tout commence par la <strong>s\u00e9lection des voyants afin d&rsquo;assurer une <a title=\"Voyance s\u00e9rieuse\" href=\"https:\/\/www.danaelle-voyance.com\/voyance-par-telephone\/voyance-serieuse\/\">voyance s\u00e9rieuse<\/a><\/strong>. Les dons divinatoires sont tr\u00e8s importants et tous ne permettent pas de pratiquer la voyance par t\u00e9l\u00e9phone. Nous s\u00e9lectionnons des voyants ayant des&nbsp;dons assez puissants pour pouvoir pratiquer via les moyens de t\u00e9l\u00e9communication modernes. Cette s\u00e9lection rigoureuse s\u2019appuie&nbsp;sur notre exp\u00e9rience forte d&rsquo;une quinzaine d&rsquo;ann\u00e9es. De ce fait, en consultant via notre&nbsp;r\u00e9seau de voyants, vous n&rsquo;aurez plus qu&rsquo;\u00e0 choisir selon vos propres affinit\u00e9s.<\/p>\n<p>Vos affinit\u00e9s personnelles avec les diff\u00e9rents types de voyants sont tr\u00e8s importants pour \u00e9tablir <strong>une communication de qualit\u00e9 et une relation bas\u00e9e sur la confiance de chacun<\/strong>. En \u00e9tablissant ce type de relation, vous pourrez ainsi lever le frein qui pourrait brider vos diff\u00e9rentes ondes vitales afin que la voyante ou le voyant puissent mieux lire en vous votre avenir.<\/p>\n<p><a title=\"Num\u00e9ro de t\u00e9l\u00e9phone de notre service de voyance\" href=\"tel:0892680681\"><br><img loading=\"lazy\" decoding=\"async\" class=\"aligncenter wp-image-988 size-full\" src=\"https:\/\/www.danaelle-voyance.com\/wp-content\/uploads\/2013\/06\/telephone-tarifs-danaelle-voyance-300x39.png\" alt=\"0892 680 680 (0,60\u20ac\/min + prix appel) pour une consultation de voyance par t\u00e9l\u00e9phone\" width=\"300\" height=\"39\"><\/a><\/p>\n<h3><span class=\"synthese\">Un service clair, sans surprise<\/span><\/h3>\n<p>Nous voulons \u00eatre transparent avec nos consultants. D\u2019ailleurs, vous aurez peut-\u00eatre remarqu\u00e9 que nous ne parlons pas de <strong>voyance par t\u00e9l\u00e9phone gratuite<\/strong>. Tout simplement parce que la voyance gratuite n&rsquo;existe pas. En effet, quelques minutes peuvent \u00eatre offertes, mais vous devrez probablement payer les minutes suivantes \u00e0 un co\u00fbt \u00e9lev\u00e9. Mais bon, fermons la parenth\u00e8se et revenons \u00e0 la transparence. Voici quelques exemples :<\/p>\n<ul>\n<li>Nous affichons clairement notre tarif.<\/li>\n<li>Vous retrouvez les liens vers notre code d\u00e9ontologique et la charte de nos voyants en bas de chaque page.<\/li>\n<li>Une page est d\u00e9di\u00e9e \u00e0 <a title=\"Les t\u00e9moignages de nos clients\" href=\"https:\/\/www.danaelle-voyance.com\/voyance-par-telephone\/temoignages-de-nos-clients\/\">vos t\u00e9moignages<\/a> et nous pr\u00e9cisons dans les <a title=\"Les mentions l\u00e9gales\" href=\"https:\/\/www.danaelle-voyance.com\/voyance-par-telephone\/mentions-legales\/\">mentions l\u00e9gales<\/a> comment sont g\u00e9r\u00e9s vos avis.<\/li>\n<\/ul>\n<p>Alors, n&rsquo;h\u00e9sitez plus! Appelez-nous et choisissez votre voyante ou votre voyant pour votre prochaine consultation de voyance par t\u00e9l\u00e9phone.<\/p>\n<p style=\"text-align: center;\"><a class=\"bouton-voyants\" href=\"https:\/\/www.danaelle-voyance.com\/voyance-par-telephone\/nos-voyants\/\">D\u00e9couvrez nos voyants et voyantes<\/a><\/p>\n<p><a title=\"Num\u00e9ro de t\u00e9l\u00e9phone de notre service de voyance\" href=\"tel:0892680681\"><br><img loading=\"lazy\" decoding=\"async\" class=\"aligncenter wp-image-988 size-full\" src=\"https:\/\/www.danaelle-voyance.com\/wp-content\/uploads\/2013\/06\/telephone-tarifs-danaelle-voyance-300x39.png\" alt=\"0892 680 680 (0,60\u20ac\/min + prix appel)\" width=\"300\" height=\"39\"><\/a><\/p>","protected":false},"excerpt":{"rendered":"<div class=\"mh-excerpt\"><p>Bienvenue sur le site DANAELLE VOYANCE.&nbsp;Notre m\u00e9tier : La voyance par t\u00e9l\u00e9phone.&nbsp;Nos voyantes et voyants sont s\u00e9lectionn\u00e9s pour la qualit\u00e9 de leurs dons, leur exp\u00e9rience <a class=\"mh-excerpt-more\" href=\"https:\/\/www.danaelle-voyance.com\/voyance-par-telephone\/\" title=\"Voyance par T\u00e9l\u00e9phone\">[&#8230;]<\/a><\/p>\n<\/div>","protected":false},"author":1,"featured_media":0,"parent":0,"menu_order":0,"comment_status":"open","ping_status":"open","template":"accueil-voyants.php","meta":{"footnotes":""},"class_list":["post-72","page","type-page","status-publish","hentry"],"yoast_head":"<!-- This site is optimized with the Yoast SEO plugin v24.9 - https:\/\/yoast.com\/wordpress\/plugins\/seo\/ -->\n<title>Voyance par Telephone S\u00e9rieuse - En moyenne 60% moins ch\u00e8re<\/title>\n<meta name=\"description\" content=\"La meilleure Voyance par Telephone sans CB, avec des voyants s\u00e9rieux. Chez DANAELLE VOYANCE, c&#039;est l&#039;Honn\u00eatet\u00e9, la Sinc\u00e9rit\u00e9 et un tarif Juste sans surprise\" \/>\n<meta name=\"robots\" content=\"index, follow, max-snippet:-1, max-image-preview:large, max-video-preview:-1\" \/>\n<link rel=\"canonical\" href=\"https:\/\/www.danaelle-voyance.com\/voyance-par-telephone\/\" \/>\n<meta property=\"og:locale\" content=\"fr_FR\" \/>\n<meta property=\"og:type\" content=\"article\" \/>\n<meta property=\"og:title\" content=\"Voyance par Telephone S\u00e9rieuse - En moyenne 60% moins ch\u00e8re\" \/>\n<meta property=\"og:description\" content=\"La meilleure Voyance par Telephone sans CB, avec des voyants s\u00e9rieux. Chez DANAELLE VOYANCE, c&#039;est l&#039;Honn\u00eatet\u00e9, la Sinc\u00e9rit\u00e9 et un tarif Juste sans surprise\" \/>\n<meta property=\"og:url\" content=\"https:\/\/www.danaelle-voyance.com\/voyance-par-telephone\/\" \/>\n<meta property=\"og:site_name\" content=\"Danaelle - Voyance\" \/>\n<meta property=\"article:publisher\" content=\"https:\/\/www.facebook.com\/danaellevoyance\" \/>\n<meta property=\"article:modified_time\" content=\"2022-09-02T20:16:54+00:00\" \/>\n<meta property=\"og:image\" content=\"https:\/\/www.danaelle-voyance.com\/wp-content\/uploads\/2013\/06\/telephone-tarifs-danaelle-voyance-300x39.png\" \/>\n<meta name=\"twitter:label1\" content=\"Dur\u00e9e de lecture estim\u00e9e\" \/>\n\t<meta name=\"twitter:data1\" content=\"7 minutes\" \/>\n<script type=\"application\/ld+json\" class=\"yoast-schema-graph\">{\"@context\":\"https:\/\/schema.org\",\"@graph\":[{\"@type\":\"WebPage\",\"@id\":\"https:\/\/www.danaelle-voyance.com\/voyance-par-telephone\/\",\"url\":\"https:\/\/www.danaelle-voyance.com\/voyance-par-telephone\/\",\"name\":\"Voyance par Telephone S\u00e9rieuse - En moyenne 60% moins ch\u00e8re\",\"isPartOf\":{\"@id\":\"https:\/\/www.danaelle-voyance.com\/voyance-par-telephone\/#website\"},\"primaryImageOfPage\":{\"@id\":\"https:\/\/www.danaelle-voyance.com\/voyance-par-telephone\/#primaryimage\"},\"image\":{\"@id\":\"https:\/\/www.danaelle-voyance.com\/voyance-par-telephone\/#primaryimage\"},\"thumbnailUrl\":\"https:\/\/www.danaelle-voyance.com\/wp-content\/uploads\/2013\/06\/telephone-tarifs-danaelle-voyance-300x39.png\",\"datePublished\":\"2013-06-23T20:46:25+00:00\",\"dateModified\":\"2022-09-02T20:16:54+00:00\",\"description\":\"La meilleure Voyance par Telephone sans CB, avec des voyants s\u00e9rieux. Chez DANAELLE VOYANCE, c'est l'Honn\u00eatet\u00e9, la Sinc\u00e9rit\u00e9 et un tarif Juste sans surprise\",\"breadcrumb\":{\"@id\":\"https:\/\/www.danaelle-voyance.com\/voyance-par-telephone\/#breadcrumb\"},\"inLanguage\":\"fr-FR\",\"potentialAction\":[{\"@type\":\"ReadAction\",\"target\":[\"https:\/\/www.danaelle-voyance.com\/voyance-par-telephone\/\"]}]},{\"@type\":\"ImageObject\",\"inLanguage\":\"fr-FR\",\"@id\":\"https:\/\/www.danaelle-voyance.com\/voyance-par-telephone\/#primaryimage\",\"url\":\"https:\/\/www.danaelle-voyance.com\/wp-content\/uploads\/2013\/06\/telephone-tarifs-danaelle-voyance-300x39.png\",\"contentUrl\":\"https:\/\/www.danaelle-voyance.com\/wp-content\/uploads\/2013\/06\/telephone-tarifs-danaelle-voyance-300x39.png\"},{\"@type\":\"BreadcrumbList\",\"@id\":\"https:\/\/www.danaelle-voyance.com\/voyance-par-telephone\/#breadcrumb\",\"itemListElement\":[{\"@type\":\"ListItem\",\"position\":1,\"name\":\"Home\",\"item\":\"https:\/\/www.danaelle-voyance.com\/voyance-par-telephone\/\"},{\"@type\":\"ListItem\",\"position\":2,\"name\":\"Voyance par T\u00e9l\u00e9phone\"}]},{\"@type\":\"WebSite\",\"@id\":\"https:\/\/www.danaelle-voyance.com\/voyance-par-telephone\/#website\",\"url\":\"https:\/\/www.danaelle-voyance.com\/voyance-par-telephone\/\",\"name\":\"Danaelle - Voyance\",\"description\":\"Voyance par t\u00e9l\u00e9phone - Des voyants professionnels \u00e0 votre service\",\"publisher\":{\"@id\":\"https:\/\/www.danaelle-voyance.com\/voyance-par-telephone\/#organization\"},\"potentialAction\":[{\"@type\":\"SearchAction\",\"target\":{\"@type\":\"EntryPoint\",\"urlTemplate\":\"https:\/\/www.danaelle-voyance.com\/voyance-par-telephone\/?s={search_term_string}\"},\"query-input\":{\"@type\":\"PropertyValueSpecification\",\"valueRequired\":true,\"valueName\":\"search_term_string\"}}],\"inLanguage\":\"fr-FR\"},{\"@type\":\"Organization\",\"@id\":\"https:\/\/www.danaelle-voyance.com\/voyance-par-telephone\/#organization\",\"name\":\"Danaelle Voyance\",\"url\":\"https:\/\/www.danaelle-voyance.com\/voyance-par-telephone\/\",\"logo\":{\"@type\":\"ImageObject\",\"inLanguage\":\"fr-FR\",\"@id\":\"https:\/\/www.danaelle-voyance.com\/voyance-par-telephone\/#\/schema\/logo\/image\/\",\"url\":\"https:\/\/www.danaelle-voyance.com\/wp-content\/uploads\/2018\/10\/logo-danaelle-voyance-e1539618780249.png\",\"contentUrl\":\"https:\/\/www.danaelle-voyance.com\/wp-content\/uploads\/2018\/10\/logo-danaelle-voyance-e1539618780249.png\",\"width\":116,\"height\":140,\"caption\":\"Danaelle Voyance\"},\"image\":{\"@id\":\"https:\/\/www.danaelle-voyance.com\/voyance-par-telephone\/#\/schema\/logo\/image\/\"},\"sameAs\":[\"https:\/\/www.facebook.com\/danaellevoyance\"]}]}<\/script>\n<!-- \/ Yoast SEO plugin. -->","yoast_head_json":{"title":"Voyance par Telephone S\u00e9rieuse - En moyenne 60% moins ch\u00e8re","description":"La meilleure Voyance par Telephone sans CB, avec des voyants s\u00e9rieux. Chez DANAELLE VOYANCE, c'est l'Honn\u00eatet\u00e9, la Sinc\u00e9rit\u00e9 et un tarif Juste sans surprise","robots":{"index":"index","follow":"follow","max-snippet":"max-snippet:-1","max-image-preview":"max-image-preview:large","max-video-preview":"max-video-preview:-1"},"canonical":"https:\/\/www.danaelle-voyance.com\/voyance-par-telephone\/","og_locale":"fr_FR","og_type":"article","og_title":"Voyance par Telephone S\u00e9rieuse - En moyenne 60% moins ch\u00e8re","og_description":"La meilleure Voyance par Telephone sans CB, avec des voyants s\u00e9rieux. Chez DANAELLE VOYANCE, c'est l'Honn\u00eatet\u00e9, la Sinc\u00e9rit\u00e9 et un tarif Juste sans surprise","og_url":"https:\/\/www.danaelle-voyance.com\/voyance-par-telephone\/","og_site_name":"Danaelle - Voyance","article_publisher":"https:\/\/www.facebook.com\/danaellevoyance","article_modified_time":"2022-09-02T20:16:54+00:00","og_image":[{"url":"https:\/\/www.danaelle-voyance.com\/wp-content\/uploads\/2013\/06\/telephone-tarifs-danaelle-voyance-300x39.png","type":"","width":"","height":""}],"twitter_misc":{"Dur\u00e9e de lecture estim\u00e9e":"7 minutes"},"schema":{"@context":"https:\/\/schema.org","@graph":[{"@type":"WebPage","@id":"https:\/\/www.danaelle-voyance.com\/voyance-par-telephone\/","url":"https:\/\/www.danaelle-voyance.com\/voyance-par-telephone\/","name":"Voyance par Telephone S\u00e9rieuse - En moyenne 60% moins ch\u00e8re","isPartOf":{"@id":"https:\/\/www.danaelle-voyance.com\/voyance-par-telephone\/#website"},"primaryImageOfPage":{"@id":"https:\/\/www.danaelle-voyance.com\/voyance-par-telephone\/#primaryimage"},"image":{"@id":"https:\/\/www.danaelle-voyance.com\/voyance-par-telephone\/#primaryimage"},"thumbnailUrl":"https:\/\/www.danaelle-voyance.com\/wp-content\/uploads\/2013\/06\/telephone-tarifs-danaelle-voyance-300x39.png","datePublished":"2013-06-23T20:46:25+00:00","dateModified":"2022-09-02T20:16:54+00:00","description":"La meilleure Voyance par Telephone sans CB, avec des voyants s\u00e9rieux. Chez DANAELLE VOYANCE, c'est l'Honn\u00eatet\u00e9, la Sinc\u00e9rit\u00e9 et un tarif Juste sans surprise","breadcrumb":{"@id":"https:\/\/www.danaelle-voyance.com\/voyance-par-telephone\/#breadcrumb"},"inLanguage":"fr-FR","potentialAction":[{"@type":"ReadAction","target":["https:\/\/www.danaelle-voyance.com\/voyance-par-telephone\/"]}]},{"@type":"ImageObject","inLanguage":"fr-FR","@id":"https:\/\/www.danaelle-voyance.com\/voyance-par-telephone\/#primaryimage","url":"https:\/\/www.danaelle-voyance.com\/wp-content\/uploads\/2013\/06\/telephone-tarifs-danaelle-voyance-300x39.png","contentUrl":"https:\/\/www.danaelle-voyance.com\/wp-content\/uploads\/2013\/06\/telephone-tarifs-danaelle-voyance-300x39.png"},{"@type":"BreadcrumbList","@id":"https:\/\/www.danaelle-voyance.com\/voyance-par-telephone\/#breadcrumb","itemListElement":[{"@type":"ListItem","position":1,"name":"Home","item":"https:\/\/www.danaelle-voyance.com\/voyance-par-telephone\/"},{"@type":"ListItem","position":2,"name":"Voyance par T\u00e9l\u00e9phone"}]},{"@type":"WebSite","@id":"https:\/\/www.danaelle-voyance.com\/voyance-par-telephone\/#website","url":"https:\/\/www.danaelle-voyance.com\/voyance-par-telephone\/","name":"Danaelle - Voyance","description":"Voyance par t\u00e9l\u00e9phone - Des voyants professionnels \u00e0 votre service","publisher":{"@id":"https:\/\/www.danaelle-voyance.com\/voyance-par-telephone\/#organization"},"potentialAction":[{"@type":"SearchAction","target":{"@type":"EntryPoint","urlTemplate":"https:\/\/www.danaelle-voyance.com\/voyance-par-telephone\/?s={search_term_string}"},"query-input":{"@type":"PropertyValueSpecification","valueRequired":true,"valueName":"search_term_string"}}],"inLanguage":"fr-FR"},{"@type":"Organization","@id":"https:\/\/www.danaelle-voyance.com\/voyance-par-telephone\/#organization","name":"Danaelle Voyance","url":"https:\/\/www.danaelle-voyance.com\/voyance-par-telephone\/","logo":{"@type":"ImageObject","inLanguage":"fr-FR","@id":"https:\/\/www.danaelle-voyance.com\/voyance-par-telephone\/#\/schema\/logo\/image\/","url":"https:\/\/www.danaelle-voyance.com\/wp-content\/uploads\/2018\/10\/logo-danaelle-voyance-e1539618780249.png","contentUrl":"https:\/\/www.danaelle-voyance.com\/wp-content\/uploads\/2018\/10\/logo-danaelle-voyance-e1539618780249.png","width":116,"height":140,"caption":"Danaelle Voyance"},"image":{"@id":"https:\/\/www.danaelle-voyance.com\/voyance-par-telephone\/#\/schema\/logo\/image\/"},"sameAs":["https:\/\/www.facebook.com\/danaellevoyance"]}]}},"_links":{"self":[{"href":"https:\/\/www.danaelle-voyance.com\/voyance-par-telephone\/wp-json\/wp\/v2\/pages\/72","targetHints":{"allow":["GET"]}}],"collection":[{"href":"https:\/\/www.danaelle-voyance.com\/voyance-par-telephone\/wp-json\/wp\/v2\/pages"}],"about":[{"href":"https:\/\/www.danaelle-voyance.com\/voyance-par-telephone\/wp-json\/wp\/v2\/types\/page"}],"author":[{"embeddable":true,"href":"https:\/\/www.danaelle-voyance.com\/voyance-par-telephone\/wp-json\/wp\/v2\/users\/1"}],"replies":[{"embeddable":true,"href":"https:\/\/www.danaelle-voyance.com\/voyance-par-telephone\/wp-json\/wp\/v2\/comments?post=72"}],"version-history":[{"count":198,"href":"https:\/\/www.danaelle-voyance.com\/voyance-par-telephone\/wp-json\/wp\/v2\/pages\/72\/revisions"}],"predecessor-version":[{"id":2232,"href":"https:\/\/www.danaelle-voyance.com\/voyance-par-telephone\/wp-json\/wp\/v2\/pages\/72\/revisions\/2232"}],"wp:attachment":[{"href":"https:\/\/www.danaelle-voyance.com\/voyance-par-telephone\/wp-json\/wp\/v2\/media?parent=72"}],"curies":[{"name":"wp","href":"https:\/\/api.w.org\/{rel}","templated":true}]}}